{"id":5898,"date":"2023-05-11T08:21:17","date_gmt":"2023-05-11T06:21:17","guid":{"rendered":"https:\/\/zzofbih.ba\/novinarski-upiti\/"},"modified":"2023-12-14T12:56:21","modified_gmt":"2023-12-14T11:56:21","slug":"novinarski-upiti","status":"publish","type":"page","link":"https:\/\/zzofbih.ba\/bs\/novinarski-upiti\/","title":{"rendered":"Novinarski upiti"},"content":{"rendered":"<p>[vc_row el_class=&#8221;pitanja&#8221;][vc_column]<div class=\"ult_exp_section_layer ult-adjust-bottom-margin  \" >\r\n\t<div id=\"uvc-exp-wrap-3137\"   data-ultimate-target='#uvc-exp-wrap-3137'  data-responsive-json-new='{\"font-size\":\"desktop:18px;\",\"line-height\":\"desktop:20px;\"}'  class=\"ult_exp_section  ult-responsive \" style=\"color:#333333;background-color:#dddddd; font-weight:normal;  text-align:left;\" data-textcolor=\"#333333\"data-texthover=\"#333333\"data-icncolor=\"#00b1eb\"data-ihover=\"#00b1eb\"data-height=\"0\"data-cntbg=\"#dddddd\"data-cnthvrbg=\"#e5e5e5\"data-headerbg=\"#dddddd\"data-headerhover=\"#e5e5e5\"data-title=\"Pitanja i odgovori\"data-newtitle=\"Pitanja i odgovori\"data-icon=\"Defaults-question\"data-newicon=\"Defaults-question\"data-activeicon=\"#00b1eb\"data-effect=\"slideToggle\"data-override=\"0\"data-activetitle=\"#333333\"data-activebg=\"#f0f0f0\"data-img=\"\"data-newimg=\"\"><div class=\"ult_exp_section-main ult_expleft_icon\">\t<div class=\"ult-just-icon-wrapper ult_exp_icon\">\r\n\t\t\t\t\t<div class=\"align-icon \">\r\n\t\t\t\t\t\t\n<span class=\"aio-icon  none  ult_expsection_icon \"  style=\"color:#00b1eb;font-size:32px;\">\n\t<i class=\"Defaults-question ult_ex_icon\"  ><\/i>\n<\/span>\r\n\t\t\t\t\t<\/div>\r\n\t\t\t\t<\/div>\r\n\t\t\t\t<div class=\"ult_expheader\" >Pitanja i odgovori\r\n\t\t\t\t<\/div>\r\n\t\t\t<\/div>\r\n\t\t<\/div><div class=\"ult_exp_content \" style=\"background-color:#ffffff;  \"><div class=\"ult_ecpsub_cont\" style=\" \" >[vc_column_text]<\/p>\n<p style=\"text-align: left;\"><strong>Q<\/strong><\/p>\n<p style=\"text-align: left;\">U svrhu objektivnog informisanja potrebna mi je informacija koji citostatici u Federaciji BiH nisu dostupni zbog \u010dega su pacijenti na listama \u010dekanja.<\/p>\n<p style=\"text-align: left;\">Koji je razlog toga i \u0161ta se mo\u017ee uraditi kako bi citostatici bili dostupni?<\/p>\n<p style=\"text-align: left;\">Potrebna mi je izjava u kameru, ako je mogu\u0107e danas.<\/p>\n<p style=\"text-align: left;\"><strong><em>A<\/em><\/strong><\/p>\n<p style=\"text-align: left;\"><em>Zavodu zdravstvenog osiguranja i reosiguranja Federacije BiH ste se obratili u vezi nesta\u0161ice lijekova (citostatika) na na\u0161em tr\u017ei\u0161tu.<\/em><\/p>\n<p style=\"text-align: left;\"><em>Prema Odluci o Listi lijekova fonda solidarnosti Federacije BiH, koja se financira sredstvima fonda solidarnosti Federacije BiH, uvr\u0161teni su lijekovi iz vi\u0161e grupa lijekova, i to: citostatici, imunosupresivi, lijekovi za lije\u010denje hepatitisa C i B, multiple skleroze, hemodijalize, hemofilije, upalnih bolesti debelog crijeva, antiretrovirusni lijekovi, humani imunoglobulin, lijekovi za profilaksu respiratornog sincijalnog virusa, te tuberkulostatici, a Zavod zdravstvenog osiguranja i reosiguranja Federacije BiH redovno nabavlja i isporu\u010duje prema zdravstvenim ustanovama 171 lijek koliko je propisano Odlukom o Listi lijekova. Trenutno postoji nesta\u0161ica samo za nekoliko citostatika. Razlog je privremeni ili trajni prekid prometa lijekova na tr\u017ei\u0161tu BiH od strane proizvo\u0111a\u010da zbog komercijalnih razloga ili reorganizacije proizvodnje. U ve\u0107ini slu\u010dajeva postoje alternativna rje\u0161enja, s tim da u slu\u010daju da ne postoji alternativa, odnosno zamjenski lijek, Zavod omogu\u0107ava pacijentima pravo na refundaciju kupljenog lijeka, uz prilo\u017eenu medicinsku dokumentaciju i potvrdu klini\u010dkih apoteka da zdravstvena ustanova u tom trenutku nije imala lijek koji se nalazi u Odluci o Listi lijekova fonda solidarnosti Federacije BiH, a koja se financira sredstvima fonda solidarnosti Federacije BiH.<\/em><\/p>\n<p style=\"text-align: left;\"><em>\u0160to se ti\u010de nesta\u0161ice nekoliko citostatika, kalcijevi folinati su bili u privremenom prekidu proizvodnje za tr\u017ei\u0161te BiH i prema informaciji od proizvo\u0111a\u010da lijek je isporu\u010den prema veledrogerijama, tako da se o\u010dekuje isporuka u zdravstvene ustanove. <\/em><\/p>\n<p style=\"text-align: left;\"><em>Lijek irinotekan je u odre\u0111enim koli\u010dinama, koju je dobavlja\u010d imao trenutno na stanju, isporu\u010den svim zdravstvenim ustanovama, a ostatak se o\u010dekuje do kraja ovog mjeseca. <\/em><\/p>\n<p style=\"text-align: left;\"><em>Za lijek, fluorouracil 250mg otopina za injekciju, je na stranici Agencije za lijekove i medicinska sredstva BiH navedeno od strane proizvo\u0111a\u010da da je do\u0161lo do trajnog prekida prometa na tr\u017ei\u0161tu BiH zbog komercijalnih razloga.<\/em><\/p>\n<p style=\"text-align: left;\"><em>Tako\u0111er, neusugla\u0161eno je propisivanje grupe lijekova Citostatici od strane zdravstvenih ustanova, pa se pojedini lijekovi propisuju u manjim koli\u010dinama \u0161to uzrokuje \u0161tetu dobavlja\u010dima koji otpisuju velike koli\u010dine lijekova zbog isteklog roka trajanja, pa zbog navedenog se smanjuje interes za nabavku pojedinih lijekova od strane dobavlja\u010da.<\/em><\/p>\n<p style=\"text-align: left;\"><em>Ne\u0161ta\u0161ica pojedinih lijekova je problem na globalnom nivou, jer se i zemlje iz okru\u017eenja susre\u0107u s istim, zbog problema u distribuciji, odnosno ka\u0161njenju u isporuci od strane proizvo\u0111a\u010da\/dobavlja\u010da.<\/em><\/p>\n<p style=\"text-align: left;\"><em>Prema Uputstvu o uspostavi liste \u010dekanja za lijekove sa Liste lijekova Fonda solidarnosti, Liste \u010dekanja se utvr\u0111uju za odre\u0111ene lijekove u slu\u010daju nedostatka financijskih sredstava Zavoda zdravstvenog osiguranja i reosiguranja Federacije BiH, a stavljanje pacijenata na Listu \u010dekanja za odre\u0111eni lijek vr\u0161e nadle\u017ene Komisije za utvr\u0111ivanje prava kori\u0161tenja lijekova.<\/em><\/p>\n<p style=\"text-align: left;\"><em>Zahvaljujemo se na Va\u0161em interesovanju, te smo Vam za sva ostala pitanja iz nadle\u017enosti Zavoda zdravstvenog osiguranja i reosiguranja Federacije BiH na raspolaganju.<\/em><\/p>\n<p>&nbsp;<\/p>\n<p>&nbsp;<\/p>\n<p style=\"text-align: left;\"><strong>Q<\/strong><\/p>\n<p style=\"text-align: left;\">Po\u0161tovanje, s obzirom da je ve\u0107 du\u017ei period nesta\u0161ica citostatika i prevr\u0161ilo je svaku mjeru molim Vas za odgovor \u0161to se de\u0161ava i kako je mogu\u0107e da se ovako igra sa zdravljem najugro\u017eenijih pacijenata. Klini\u010dki centar Univerziteta Sarajevo pacijentima da bi primili terapiju zahtjeva da dostave \u00a0 \u201ckalcijev folinat\u201d, \u201cirinotekan\u201d i \u201cfluorouracil\u201d. Molim Vas \u0161ta se de\u0161ava sa navedenim lijekovima, i da li \u0107e u skorije vrijeme lijekovi biti dostupni?<\/p>\n<p style=\"text-align: left;\"><strong>A<\/strong><\/p>\n<p style=\"text-align: left;\"><em>Zavodu zdravstvenog osiguranja i reosiguranja Federacije BiH ste se obratili u vezi nesta\u0161ice lijekova (citostatika) na na\u0161em tr\u017ei\u0161tu.<\/em><\/p>\n<p style=\"text-align: left;\"><em>Prema Odluci o Listi lijekova fonda solidarnosti Federacije BiH, koja se financira sredstvima fonda solidarnosti Federacije BiH, uvr\u0161teni su lijekovi iz vi\u0161e grupa lijekova, i to: citostatici, imunosupresivi, lijekovi za lije\u010denje hepatitisa C i B, multiple skleroze, hemodijalize, hemofilije, upalnih bolesti debelog crijeva, antiretrovirusni lijekovi, humani imunoglobulin, lijekovi za profilaksu respiratornog sincijalnog virusa, te tuberkulostatici, a Zavod zdravstvenog osiguranja i reosiguranja Federacije BiH redovno nabavlja i isporu\u010duje prema zdravstvenim ustanovama 171 lijek koliko je propisano Odlukom o Listi lijekova. Trenutno postoji nesta\u0161ica samo za nekoliko citostatika. Razlog je privremeni ili trajni prekid prometa lijekova na tr\u017ei\u0161tu BiH od strane proizvo\u0111a\u010da zbog komercijalnih razloga ili reorganizacije proizvodnje. U ve\u0107ini slu\u010dajeva postoje alternativna rje\u0161enja, s tim da u slu\u010daju da ne postoji alternativa, odnosno zamjenski lijek, Zavod omogu\u0107ava pacijentima pravo na refundaciju kupljenog lijeka, uz prilo\u017eenu medicinsku dokumentaciju i potvrdu klini\u010dkih apoteka da zdravstvena ustanova u tom trenutku nije imala lijek koji se nalazi u Odluci o Listi lijekova fonda solidarnosti Federacije BiH, a koja se financira sredstvima fonda solidarnosti Federacije BiH.<\/em><\/p>\n<p style=\"text-align: left;\"><em>\u0160to se ti\u010de nesta\u0161ice nekoliko citostatika, kalcijevi folinati su bili u privremenom prekidu proizvodnje za tr\u017ei\u0161te BiH i prema informaciji od proizvo\u0111a\u010da lijek je isporu\u010den prema veledrogerijama, tako da se o\u010dekuje isporuka u zdravstvene ustanove. <\/em><\/p>\n<p style=\"text-align: left;\"><em>Lijek irinotekan je u odre\u0111enim koli\u010dinama, koju je dobavlja\u010d imao trenutno na stanju, isporu\u010den svim zdravstvenim ustanovama, a ostatak se o\u010dekuje do kraja ovog mjeseca. <\/em><\/p>\n<p style=\"text-align: left;\"><em>Za lijek, fluorouracil 250mg otopina za injekciju, je na stranici Agencije za lijekove i medicinska sredstva BiH navedeno od strane proizvo\u0111a\u010da da je do\u0161lo do trajnog prekida prometa na tr\u017ei\u0161tu BiH zbog komercijalnih razloga.<\/em><\/p>\n<p style=\"text-align: left;\"><em>Tako\u0111er, neusugla\u0161eno je propisivanje grupe lijekova Citostatici od strane zdravstvenih ustanova, pa se pojedini lijekovi propisuju u manjim koli\u010dinama \u0161to uzrokuje \u0161tetu dobavlja\u010dima koji otpisuju velike koli\u010dine lijekova zbog isteklog roka trajanja, pa zbog navedenog se smanjuje interes za nabavku pojedinih lijekova od strane dobavlja\u010da.<\/em><\/p>\n<p style=\"text-align: left;\"><em>\u00a0<\/em><em>Ne\u0161ta\u0161ica pojedinih lijekova je problem na globalnom nivou, jer se i zemlje iz okru\u017eenja susre\u0107u s istim, zbog problema u distribuciji, odnosno ka\u0161njenju u isporuci od strane proizvo\u0111a\u010da\/dobavlja\u010da.<\/em><\/p>\n<p style=\"text-align: left;\"><em>Zahvaljujemo se na Va\u0161em interesovanju, te smo Vam za sva ostala pitanja iz nadle\u017enosti Zavoda zdravstvenog osiguranja i reosiguranja Federacije BiH na raspolaganju.<\/em><\/p>\n<p>[\/vc_column_text]<\/div><\/div>\r\n\r\n\t\t\t<\/div>[\/vc_column][\/vc_row]<\/p>\n","protected":false},"excerpt":{"rendered":"<p>[vc_row el_class=&#8221;pitanja&#8221;][vc_column][\/vc_column][\/vc_row]<\/p>\n","protected":false},"author":1,"featured_media":0,"parent":0,"menu_order":0,"comment_status":"closed","ping_status":"closed","template":"","meta":{"footnotes":""},"class_list":["post-5898","page","type-page","status-publish","hentry"],"_links":{"self":[{"href":"https:\/\/zzofbih.ba\/bs\/wp-json\/wp\/v2\/pages\/5898","targetHints":{"allow":["GET"]}}],"collection":[{"href":"https:\/\/zzofbih.ba\/bs\/wp-json\/wp\/v2\/pages"}],"about":[{"href":"https:\/\/zzofbih.ba\/bs\/wp-json\/wp\/v2\/types\/page"}],"author":[{"embeddable":true,"href":"https:\/\/zzofbih.ba\/bs\/wp-json\/wp\/v2\/users\/1"}],"replies":[{"embeddable":true,"href":"https:\/\/zzofbih.ba\/bs\/wp-json\/wp\/v2\/comments?post=5898"}],"version-history":[{"count":5,"href":"https:\/\/zzofbih.ba\/bs\/wp-json\/wp\/v2\/pages\/5898\/revisions"}],"predecessor-version":[{"id":6025,"href":"https:\/\/zzofbih.ba\/bs\/wp-json\/wp\/v2\/pages\/5898\/revisions\/6025"}],"wp:attachment":[{"href":"https:\/\/zzofbih.ba\/bs\/wp-json\/wp\/v2\/media?parent=5898"}],"curies":[{"name":"wp","href":"https:\/\/api.w.org\/{rel}","templated":true}]}}