{"id":5501,"date":"2023-01-25T12:08:50","date_gmt":"2023-01-25T11:08:50","guid":{"rendered":"https:\/\/zzofbih.ba\/lijekovi-koji-se-financiraju-iz-sredstava-fonda-solidarnosti\/"},"modified":"2026-02-05T13:40:56","modified_gmt":"2026-02-05T12:40:56","slug":"lijekovi-koji-se-financiraju-iz-sredstava-fonda-solidarnosti","status":"publish","type":"page","link":"https:\/\/zzofbih.ba\/bs\/lijekovi-koji-se-financiraju-iz-sredstava-fonda-solidarnosti\/","title":{"rendered":"Lijekovi koji se finansiraju iz sredstava fonda solidarnosti"},"content":{"rendered":"<p>[vc_row][vc_column][vc_btn title=&#8221;VIDEO &#8211; Kori\u0161tenje citostatika&#8221; size=&#8221;lg&#8221; align=&#8221;right&#8221; i_align=&#8221;right&#8221; i_icon_fontawesome=&#8221;fas fa-caret-square-right&#8221; button_block=&#8221;true&#8221; add_icon=&#8221;true&#8221; link=&#8221;url:https%3A%2F%2Fzzofbih.ba%2Fwp-content%2Fuploads%2F2026%2F02%2FKoristenje-citostatika.mp4&#8221;][vc_btn title=&#8221;VIDEO &#8211; Refundiranje novca&#8221; size=&#8221;lg&#8221; align=&#8221;right&#8221; i_align=&#8221;right&#8221; i_icon_fontawesome=&#8221;fas fa-caret-square-right&#8221; button_block=&#8221;true&#8221; add_icon=&#8221;true&#8221; link=&#8221;url:https%3A%2F%2Fzzofbih.ba%2Fwp-content%2Fuploads%2F2026%2F02%2FRefundiranje-novca.mp4&#8221;][vc_column_text]Lijekovi fonda solidarnosti navedeni u Odluci o listi lijekova Fonda solidarnosti[\/vc_column_text][vc_btn title=&#8221;ODLUKA O DOPUNAMA ODLUKE O LISTI LIJEKOVA FONDA SOLIDARNOSTI FEDERACIJE BOSNE I HERCEGOVINE &#8211; Sl.list 23\/24 od 27.03.2024&#8221; align=&#8221;left&#8221; i_icon_fontawesome=&#8221;far fa-file-pdf&#8221; add_icon=&#8221;true&#8221; link=&#8221;url:https%3A%2F%2Fzzofbih.ba%2Fwp-content%2Fuploads%2F2024%2F06%2FOPT23_24.pdf&#8221;][vc_btn title=&#8221;ODLUKA O DOPUNAMA ODLUKE O LISTI LIJEKOVA FONDA SOLIDARNOSTI FEDERACIJE BOSNE I HERCEGOVINE &#8211; Sl.list 58\/23 od 02.08.2023&#8221; align=&#8221;left&#8221; i_icon_fontawesome=&#8221;far fa-file-pdf&#8221; add_icon=&#8221;true&#8221; link=&#8221;url:https%3A%2F%2Fzzofbih.ba%2Fwp-content%2Fuploads%2F2024%2F06%2F58_23.pdf&#8221;][\/vc_column][\/vc_row][vc_row][vc_column][vc_btn title=&#8221;Odluka o izmjeni i dopuni liste lijekova Fonda solidarnosti &#8211; Sl.l. 90\/19 od 29.11.2019.g.&#8221; i_icon_fontawesome=&#8221;far fa-file-pdf&#8221; add_icon=&#8221;true&#8221; link=&#8221;url:https%3A%2F%2Fzzofbih.ba%2Fwp-content%2Fuploads%2F2022%2F06%2FIzmjene_i_dopune_liste-29_11_2019_br.90-19za_objavu.pdf&#8221;][\/vc_column][\/vc_row][vc_row][vc_column][vc_btn title=&#8221;Odluka o listi lijekova fonda solidarnosti 05-07-2019.g&#8221; i_icon_fontawesome=&#8221;far fa-file-pdf&#8221; add_icon=&#8221;true&#8221; link=&#8221;url:https%3A%2F%2Fzzofbih.ba%2Fwp-content%2Fuploads%2F2022%2F06%2FLista_lijekova_05_7_2019.pdf&#8221;][\/vc_column][\/vc_row][vc_row][vc_column][vc_separator][vc_btn title=&#8221;Odluka o refundaciji tro\u0161kova nabavke lijekova &#8211; pre\u010di\u0161\u0107eni tekst sa obrascima&#8221; i_icon_fontawesome=&#8221;far fa-file-pdf&#8221; add_icon=&#8221;true&#8221; link=&#8221;url:https%3A%2F%2Fzzofbih.ba%2Fwp-content%2Fuploads%2F2023%2F02%2FOdluka-o-refundaciji-troskova-nabavke-lijekova-precisceni-tekst-sa-obrazcima.pdf&#8221;][\/vc_column][\/vc_row]<\/p>\n","protected":false},"excerpt":{"rendered":"<p>[vc_row][vc_column][vc_btn title=&#8221;VIDEO &#8211; Kori\u0161tenje citostatika&#8221; size=&#8221;lg&#8221; align=&#8221;right&#8221; i_align=&#8221;right&#8221; i_icon_fontawesome=&#8221;fas fa-caret-square-right&#8221; button_block=&#8221;true&#8221; add_icon=&#8221;true&#8221; link=&#8221;url:https%3A%2F%2Fzzofbih.ba%2Fwp-content%2Fuploads%2F2026%2F02%2FKoristenje-citostatika.mp4&#8221;][vc_btn title=&#8221;VIDEO &#8211; Refundiranje novca&#8221; size=&#8221;lg&#8221; align=&#8221;right&#8221; i_align=&#8221;right&#8221; i_icon_fontawesome=&#8221;fas fa-caret-square-right&#8221; button_block=&#8221;true&#8221; add_icon=&#8221;true&#8221; link=&#8221;url:https%3A%2F%2Fzzofbih.ba%2Fwp-content%2Fuploads%2F2026%2F02%2FRefundiranje-novca.mp4&#8221;][vc_column_text]Lijekovi fonda solidarnosti navedeni u Odluci o listi lijekova Fonda solidarnosti[\/vc_column_text][vc_btn title=&#8221;ODLUKA O DOPUNAMA ODLUKE O LISTI LIJEKOVA FONDA SOLIDARNOSTI FEDERACIJE BOSNE I HERCEGOVINE &#8211; Sl.list 23\/24 od 27.03.2024&#8221; align=&#8221;left&#8221; i_icon_fontawesome=&#8221;far [&hellip;]<\/p>\n","protected":false},"author":5,"featured_media":0,"parent":0,"menu_order":0,"comment_status":"closed","ping_status":"closed","template":"","meta":{"footnotes":""},"class_list":["post-5501","page","type-page","status-publish","hentry"],"_links":{"self":[{"href":"https:\/\/zzofbih.ba\/bs\/wp-json\/wp\/v2\/pages\/5501","targetHints":{"allow":["GET"]}}],"collection":[{"href":"https:\/\/zzofbih.ba\/bs\/wp-json\/wp\/v2\/pages"}],"about":[{"href":"https:\/\/zzofbih.ba\/bs\/wp-json\/wp\/v2\/types\/page"}],"author":[{"embeddable":true,"href":"https:\/\/zzofbih.ba\/bs\/wp-json\/wp\/v2\/users\/5"}],"replies":[{"embeddable":true,"href":"https:\/\/zzofbih.ba\/bs\/wp-json\/wp\/v2\/comments?post=5501"}],"version-history":[{"count":7,"href":"https:\/\/zzofbih.ba\/bs\/wp-json\/wp\/v2\/pages\/5501\/revisions"}],"predecessor-version":[{"id":6330,"href":"https:\/\/zzofbih.ba\/bs\/wp-json\/wp\/v2\/pages\/5501\/revisions\/6330"}],"wp:attachment":[{"href":"https:\/\/zzofbih.ba\/bs\/wp-json\/wp\/v2\/media?parent=5501"}],"curies":[{"name":"wp","href":"https:\/\/api.w.org\/{rel}","templated":true}]}}