{"id":5480,"date":"2023-01-24T16:29:07","date_gmt":"2023-01-24T15:29:07","guid":{"rendered":"https:\/\/zzofbih.ba\/lista-usluga-fonda-solidarnosti\/"},"modified":"2026-02-05T15:49:53","modified_gmt":"2026-02-05T14:49:53","slug":"lista-usluga-fonda-solidarnosti","status":"publish","type":"page","link":"https:\/\/zzofbih.ba\/bs\/lista-usluga-fonda-solidarnosti\/","title":{"rendered":"Zdravstvene usluge Fonda solidarnosti"},"content":{"rendered":"<p>[vc_row][vc_column]<div class=\"tm-element-heading-wrapper tm-heading-inner tm-element-align-left tm-heading-with-separator \">[vc_cta text=\"USLUGE FONDA SOLIDARNOSTI\"  h2_google_fonts=\"font_family:Arimo%3Aregular%2Citalic%2C700%2C700italic|font_style:700%20bold%20regular%3A700%3Anormal\"  h4_google_fonts=\"font_family:Lato%3A100%2C100italic%2C300%2C300italic%2Cregular%2Citalic%2C700%2C700italic%2C900%2C900italic|font_style:300%20light%20regular%3A300%3Anormal\"  align=\"left\"  heading_sep=\"yes\"  tag=\"h2\"  h2=\"USLUGE FONDA SOLIDARNOSTI\"  txt_align=\"left\"  i_css_animation=\"\" css_animation=\"\"][\/vc_cta]<div class=\"heading-seperator\"><\/div><\/div> <!-- .tm-element-heading-wrapper container --> [vc_btn title=&#8221;VIDEO &#8211; ZDRAVSTVENE USLUGE FONDA SOLIDARNOSTI&#8221; align=&#8221;right&#8221; i_align=&#8221;right&#8221; i_icon_fontawesome=&#8221;fas fa-caret-square-right&#8221; css_animation=&#8221;fadeInLeft&#8221; button_block=&#8221;true&#8221; add_icon=&#8221;true&#8221; link=&#8221;url:https%3A%2F%2Fzzofbih.ba%2Fwp-content%2Fuploads%2F2026%2F02%2FZdravstvene-usluge.mp4&#8221;][vc_separator][vc_btn title=&#8221;Kako koristiti pravo na pru\u017eanje usluga&#8221; i_icon_fontawesome=&#8221;far fa-file-pdf&#8221; add_icon=&#8221;true&#8221; link=&#8221;url:https%3A%2F%2Fzzofbih.ba%2Fwp-content%2Fuploads%2F2023%2F02%2FKako-koristiti-pravo-na-pruzanje-usluga.pdf&#8221;][vc_separator][\/vc_column][\/vc_row][vc_row][vc_column][vc_column_text]Usluge koje se finaciraju iz sredstva fonda solidarnosti mo\u017eete na\u0107i na slijede\u0107em pregledu.[\/vc_column_text][vc_btn title=&#8221;Lista zdravstvenih usluga koje se financiraju sredstvima federalnog fonda solidarnosti -26.08.2025&#8221; i_icon_fontawesome=&#8221;far fa-file-pdf&#8221; add_icon=&#8221;true&#8221; link=&#8221;url:https%3A%2F%2Fzzofbih.ba%2Fwp-content%2Fuploads%2F2025%2F09%2FSifarnik_usluga_26.8.2025-1.pdf&#8221;][\/vc_column][\/vc_row][vc_row][vc_column][vc_separator][vc_column_text]Pregled zdravstvenih ustanova koje su za Zavodom zdravstvenog osiguranja i reosiguranja sklopile ugovor o lije\u010denju na teret fonda solidarnosti[\/vc_column_text][vc_btn title=&#8221;Pregled ustanova sa kontakt telefonima -01.2023&#8221; i_icon_fontawesome=&#8221;far fa-file-pdf&#8221; add_icon=&#8221;true&#8221; link=&#8221;url:https%3A%2F%2Fzzofbih.ba%2Fwp-content%2Fuploads%2F2023%2F01%2FPregled-ustanova-sa-kontakt-telefonima1.pdf&#8221;][vc_separator]<div class=\"tm-element-heading-wrapper tm-heading-inner tm-element-align-left tm-heading-with-separator \">[vc_cta text=\"PROPISI\"  h2_google_fonts=\"font_family:Arimo%3Aregular%2Citalic%2C700%2C700italic|font_style:700%20bold%20regular%3A700%3Anormal\"  h4_google_fonts=\"font_family:Lato%3A100%2C100italic%2C300%2C300italic%2Cregular%2Citalic%2C700%2C700italic%2C900%2C900italic|font_style:300%20light%20regular%3A300%3Anormal\"  align=\"left\"  heading_sep=\"yes\"  tag=\"h2\"  h2=\"PROPISI\"  txt_align=\"left\"  i_css_animation=\"\" css_animation=\"\"][\/vc_cta]<div class=\"heading-seperator\"><\/div><\/div> <!-- .tm-element-heading-wrapper container --> [vc_btn title=&#8221;Odluka o dopunama Odluke o utvr\u0111ivanju prioritetnih vertikalnih programa zdravstvene za\u0161tite od interesa za FBiH-Sl. novine FBiH 11-07&#8221; i_icon_fontawesome=&#8221;far fa-file-pdf&#8221; add_icon=&#8221;true&#8221; link=&#8221;url:https%3A%2F%2Fzzofbih.ba%2Fwp-content%2Fuploads%2F2023%2F02%2FOdluka-o-dopunama-Odluke-o-utvrdivanju-prioritetnih-vertikalnih-programa-zdravstvene-zastite-od-interesa-za-FBiH-Sl.-novine-FBiH-11-07.pdf&#8221;][vc_btn title=&#8221;Odluka o izmjenama i dopunama Odluke o utvr\u0111ivanju prioritetnih vertikalnih programa zdravstvene za\u0161tite od interesa za FBiH-Sl. novine FBiH 44-07&#8221; i_icon_fontawesome=&#8221;far fa-file-pdf&#8221; add_icon=&#8221;true&#8221; link=&#8221;url:https%3A%2F%2Fzzofbih.ba%2Fwp-content%2Fuploads%2F2023%2F02%2FOdluka-o-izmjenama-i-dopunama-Odluke-o-utvrdjivanju-prioritetnih-vertikalnih-programa-zdravstvene-zastite-od-interesa-za-FBiH-Sl.-novine-FBiH-44-07.pdf&#8221;][vc_btn title=&#8221;Odluka o izmjenama i dopunama Odluke o utvr\u0111ivanju prioritetnih vertikalnih programa zdravstvene za\u0161tite od interesa za FBiH-Sl. novine FBiH 52-08&#8221; i_icon_fontawesome=&#8221;far fa-file-pdf&#8221; add_icon=&#8221;true&#8221; link=&#8221;url:https%3A%2F%2Fzzofbih.ba%2Fwp-content%2Fuploads%2F2023%2F02%2FOdluka-o-izmjenama-i-dopunama-Odluke-o-utvrdjivanju-prioritetnih-vertikalnih-programa-zdravstvene-zastite-od-interesa-za-FBiH-Sl.-novine-FBiH-52-08.pdf&#8221;][vc_btn title=&#8221;Odluka o izmjenama i dopunama Odluke o utvr\u0111ivanju prioritetnih vertikalnih programa zdravstvene za\u0161tite od interesa za FBiH-Sl. novine FBiH 97a-07&#8221; i_icon_fontawesome=&#8221;far fa-file-pdf&#8221; add_icon=&#8221;true&#8221; link=&#8221;url:https%3A%2F%2Fzzofbih.ba%2Fwp-content%2Fuploads%2F2023%2F02%2FOdluka-o-izmjenama-i-dopunama-Odluke-o-utvrdjivanju-prioritetnih-vertikalnih-programa-zdravstvene-zastite-od-interesa-za-FBiH-Sl.-novine-FBiH-97a-07.pdf&#8221;][vc_btn title=&#8221;Odluka o utvr\u0111ivanju prioritetnih vertikalnih programa zdravstvene za\u0161tite od interesa za FBiH-Sl. novine FBiH 8-05&#8221; i_icon_fontawesome=&#8221;far fa-file-pdf&#8221; add_icon=&#8221;true&#8221; link=&#8221;url:https%3A%2F%2Fzzofbih.ba%2Fwp-content%2Fuploads%2F2023%2F02%2FOdluka-o-utvrdjivanju-prioritetnih-vertikalnih-programa-zdravstvene-zastite-od-interesa-za-FBiH-Sl.-novine-FBiH-8-05.pdf&#8221;][vc_btn title=&#8221;Pravilnik o na\u010dinu ostvarivanja prava iz obveznog zdravstvenog osiguranja&#8221; i_icon_fontawesome=&#8221;far fa-file-pdf&#8221; add_icon=&#8221;true&#8221; link=&#8221;url:https%3A%2F%2Fzzofbih.ba%2Fwp-content%2Fuploads%2F2023%2F02%2FPravilnik_o_nacinu_ostvarivanja_prava_iz_obveznog_zdravstvenog_osiguranja.pdf&#8221;][vc_btn title=&#8221;Pravilnik o na\u010dinu ostvarivanja prava iz obveznog zdravstvenog osiguranja dopuna br. 20-19&#8221; i_icon_fontawesome=&#8221;far fa-file-pdf&#8221; add_icon=&#8221;true&#8221; link=&#8221;url:https%3A%2F%2Fzzofbih.ba%2Fwp-content%2Fuploads%2F2023%2F02%2Fpravilnik-o-nacinu-ostvarivanja-prava-iz-obveznog-zdravstvenog-osiguranja-dopuna-br-20-19.pdf&#8221;][\/vc_column][\/vc_row]<\/p>\n","protected":false},"excerpt":{"rendered":"<p>[vc_row][vc_column][vc_btn title=&#8221;VIDEO &#8211; ZDRAVSTVENE USLUGE FONDA SOLIDARNOSTI&#8221; align=&#8221;right&#8221; i_align=&#8221;right&#8221; i_icon_fontawesome=&#8221;fas fa-caret-square-right&#8221; css_animation=&#8221;fadeInLeft&#8221; button_block=&#8221;true&#8221; add_icon=&#8221;true&#8221; link=&#8221;url:https%3A%2F%2Fzzofbih.ba%2Fwp-content%2Fuploads%2F2026%2F02%2FZdravstvene-usluge.mp4&#8221;][vc_separator][vc_btn title=&#8221;Kako koristiti pravo na pru\u017eanje usluga&#8221; i_icon_fontawesome=&#8221;far fa-file-pdf&#8221; add_icon=&#8221;true&#8221; link=&#8221;url:https%3A%2F%2Fzzofbih.ba%2Fwp-content%2Fuploads%2F2023%2F02%2FKako-koristiti-pravo-na-pruzanje-usluga.pdf&#8221;][vc_separator][\/vc_column][\/vc_row][vc_row][vc_column][vc_column_text]Usluge koje se finaciraju iz sredstva fonda solidarnosti mo\u017eete na\u0107i na slijede\u0107em pregledu.[\/vc_column_text][vc_btn title=&#8221;Lista zdravstvenih usluga koje se financiraju sredstvima federalnog fonda solidarnosti -26.08.2025&#8221; i_icon_fontawesome=&#8221;far fa-file-pdf&#8221; add_icon=&#8221;true&#8221; link=&#8221;url:https%3A%2F%2Fzzofbih.ba%2Fwp-content%2Fuploads%2F2025%2F09%2FSifarnik_usluga_26.8.2025-1.pdf&#8221;][\/vc_column][\/vc_row][vc_row][vc_column][vc_separator][vc_column_text]Pregled zdravstvenih ustanova koje [&hellip;]<\/p>\n","protected":false},"author":5,"featured_media":0,"parent":0,"menu_order":0,"comment_status":"closed","ping_status":"closed","template":"","meta":{"footnotes":""},"class_list":["post-5480","page","type-page","status-publish","hentry"],"_links":{"self":[{"href":"https:\/\/zzofbih.ba\/bs\/wp-json\/wp\/v2\/pages\/5480","targetHints":{"allow":["GET"]}}],"collection":[{"href":"https:\/\/zzofbih.ba\/bs\/wp-json\/wp\/v2\/pages"}],"about":[{"href":"https:\/\/zzofbih.ba\/bs\/wp-json\/wp\/v2\/types\/page"}],"author":[{"embeddable":true,"href":"https:\/\/zzofbih.ba\/bs\/wp-json\/wp\/v2\/users\/5"}],"replies":[{"embeddable":true,"href":"https:\/\/zzofbih.ba\/bs\/wp-json\/wp\/v2\/comments?post=5480"}],"version-history":[{"count":16,"href":"https:\/\/zzofbih.ba\/bs\/wp-json\/wp\/v2\/pages\/5480\/revisions"}],"predecessor-version":[{"id":7171,"href":"https:\/\/zzofbih.ba\/bs\/wp-json\/wp\/v2\/pages\/5480\/revisions\/7171"}],"wp:attachment":[{"href":"https:\/\/zzofbih.ba\/bs\/wp-json\/wp\/v2\/media?parent=5480"}],"curies":[{"name":"wp","href":"https:\/\/api.w.org\/{rel}","templated":true}]}}