{"id":4658,"date":"2022-06-14T10:19:05","date_gmt":"2022-06-14T08:19:05","guid":{"rendered":"https:\/\/zzofbih.ba\/o-nama\/"},"modified":"2024-01-18T14:48:48","modified_gmt":"2024-01-18T13:48:48","slug":"o-nama","status":"publish","type":"page","link":"https:\/\/zzofbih.ba\/bs\/o-nama\/","title":{"rendered":"O nama"},"content":{"rendered":"<p>[vc_row full_width=&#8221;stretch_row&#8221; bgtype=&#8221;grey&#8221; css=&#8221;.vc_custom_1467018325468{padding-top: 100px !important;padding-bottom: 80px !important;}&#8221;][vc_column]<div class=\"tm-element-heading-wrapper tm-heading-inner tm-element-align-center tm-heading-with-separator \">[vc_cta text=\"OSNIVANJE ZAVODA\"  h2_google_fonts=\"font_family:Arimo%3Aregular%2Citalic%2C700%2C700italic|font_style:700%20bold%20regular%3A700%3Anormal\"  h4_google_fonts=\"font_family:Lato%3A100%2C100italic%2C300%2C300italic%2Cregular%2Citalic%2C700%2C700italic%2C900%2C900italic|font_style:300%20light%20regular%3A300%3Anormal\"  align=\"center\"  heading_sep=\"yes\"  tag=\"h2\"  h2=\"OSNIVANJE ZAVODA\"  txt_align=\"center\"  i_css_animation=\"\" css_animation=\"\"][\/vc_cta]<div class=\"heading-seperator\"><\/div><\/div> <!-- .tm-element-heading-wrapper container --> [vc_row_inner][vc_column_inner width=&#8221;1\/2&#8221;][vc_single_image image=&#8221;4751&#8221; img_size=&#8221;full&#8221; alignment=&#8221;center&#8221;][\/vc_column_inner][vc_column_inner width=&#8221;1\/2&#8221;][vc_column_text]<\/p>\n<p style=\"text-align: justify;\">\u010clanom 16. Zakona o zdravstvenom osiguranju (&#8221;Slu\u017ebene novine Federacije BiH&#8221; br. 30\/97 i 7\/02, 70\/08 i 48\/11) (u daljem tekstu Zakon o zdravstvenom osiguranju) propisano je osnivanje Zavoda zdravstvenog osiguranja i reosiguranja Federacije BiH, radi obavljanja poslova i ostvarivanja prava iz obaveznog zdravstvenog osiguranja koja su od interesa za sve kantone kao i provo\u0111enja odre\u0111enih prava po osnovu konvencija, drugih me\u0111unarodnih ugovora ili zakona i obavljanja poslova obaveznog zdravstvenog osiguranja. Vlada Federacije BiH je donijela Odluku o po\u010detku rada Zavoda zdravstvenog osiguranja i reosiguranja Federacije Bosne i Hercegovine V broj 107\/98 od 14 maja 1998. godine. \u010clanom 13. Zakona o zdravstvenom osiguranju, obrazovan je Fond solidarnosti Federacije Bosne i Hercegovine (u daljem tekstu federalni fond solidarnosti) u cilju ostvarivanja jednakih uvjeta za provo\u0111enje obaveznog zdravstvenog osiguranja u svim kantonima, za odre\u0111ene prioritetne vertikalne programe zdravstvene za\u0161tite od interesa za Federaciju, i za pru\u017eanje prioritetnih najslo\u017eenijih oblika zdravstvene za\u0161tite iz odre\u0111enih specijalisti\u010dkih djelatnosti, sredstva federalne solidarnosti osiguravaju se kod Federalnog zavoda. Federalni fond solidarnosti je po\u010deo sa radom 01.07.2002. godine.<\/p>\n<p>[\/vc_column_text][\/vc_column_inner][\/vc_row_inner][\/vc_column][\/vc_row][vc_row][vc_column]<div class=\"tm-element-heading-wrapper tm-heading-inner tm-element-align-center tm-heading-with-separator \">[vc_cta text=\"UNUTARNJE OKRU\u017dENJE\"  h2_google_fonts=\"font_family:Arimo%3Aregular%2Citalic%2C700%2C700italic|font_style:700%20bold%20regular%3A700%3Anormal\"  h4_google_fonts=\"font_family:Lato%3A100%2C100italic%2C300%2C300italic%2Cregular%2Citalic%2C700%2C700italic%2C900%2C900italic|font_style:300%20light%20regular%3A300%3Anormal\"  align=\"center\"  heading_sep=\"yes\"  tag=\"h2\"  h2=\"UNUTARNJE OKRU\u017dENJE\"  txt_align=\"center\"  i_css_animation=\"\" css_animation=\"\"][\/vc_cta]<div class=\"heading-seperator\"><\/div><\/div> <!-- .tm-element-heading-wrapper container --> [vc_row_inner][vc_column_inner width=&#8221;1\/3&#8221;]<div class=\"tm-sbox tm-sbox-iconalign-left none     \">[vc_cta h2=\"ORGANIZACIJA RADA\"  use_custom_fonts_h2=\"true\"  h2_font_container=\"line_height:44px\"  h2_use_theme_fonts=\"yes\"  h2_google_fonts=\"font_family:Arimo%3Aregular%2Citalic%2C700%2C700italic|font_style:700%20bold%20regular%3A700%3Anormal\"  h4_google_fonts=\"font_family:Lato%3A100%2C100italic%2C300%2C300italic%2Cregular%2Citalic%2C700%2C700italic%2C900%2C900italic|font_style:300%20light%20regular%3A300%3Anormal\"  txt_align=\"left\"  heading_sep=\"no\"  shape=\"none\"  style=\"transparent\"  color=\"grey\"  btn_title=\"Read More\"  btn_style=\"text\"  btn_gradient_color_1=\"turquoise\"  btn_gradient_color_2=\"blue\"  btn_custom_background=\"#ededed\"  btn_custom_text=\"#666\"  btn_outline_custom_color=\"#666\"  btn_outline_custom_hover_background=\"#666\"  btn_outline_custom_hover_text=\"#fff\"  btn_color=\"skincolor\"  btn_size=\"md\"  add_icon=\"left\"  hover=\"none\"  icon_type=\"icon\"  i_type=\"fontawesome\"  i_icon_fontawesome=\"fas fa-tasks\"  i_icon_openiconic=\"vc-oi vc-oi-dial\"  i_icon_typicons=\"typcn typcn-adjust-brightness\"  i_icon_entypo=\"entypo-icon entypo-icon-note\"  i_icon_linecons=\"vc_li vc_li-heart\"  i_color=\"skincolor\"  i_background_style=\"none\"  i_background_color=\"grey\"  i_size=\"md\"  btn_align=\"left\"  i_css_animation=\"\" css_animation=\"\"][\/vc_cta]<\/div><div class=\"tm-sbox tm-sbox-iconalign-left none     \">[vc_cta h2=\"BROJ ZAPOSLENIH\"  use_custom_fonts_h2=\"true\"  h2_font_container=\"line_height:44px\"  h2_use_theme_fonts=\"yes\"  h2_google_fonts=\"font_family:Arimo%3Aregular%2Citalic%2C700%2C700italic|font_style:700%20bold%20regular%3A700%3Anormal\"  h4_google_fonts=\"font_family:Lato%3A100%2C100italic%2C300%2C300italic%2Cregular%2Citalic%2C700%2C700italic%2C900%2C900italic|font_style:300%20light%20regular%3A300%3Anormal\"  txt_align=\"left\"  heading_sep=\"no\"  shape=\"none\"  style=\"transparent\"  color=\"grey\"  btn_title=\"Read More\"  btn_style=\"text\"  btn_gradient_color_1=\"turquoise\"  btn_gradient_color_2=\"blue\"  btn_custom_background=\"#ededed\"  btn_custom_text=\"#666\"  btn_outline_custom_color=\"#666\"  btn_outline_custom_hover_background=\"#666\"  btn_outline_custom_hover_text=\"#fff\"  btn_color=\"skincolor\"  btn_size=\"md\"  add_icon=\"left\"  hover=\"none\"  icon_type=\"icon\"  i_type=\"fontawesome\"  i_icon_fontawesome=\"fas fa-users\"  i_icon_openiconic=\"vc-oi vc-oi-dial\"  i_icon_typicons=\"typcn typcn-adjust-brightness\"  i_icon_entypo=\"entypo-icon entypo-icon-note\"  i_icon_linecons=\"vc_li vc_li-heart\"  i_color=\"skincolor\"  i_background_style=\"none\"  i_background_color=\"grey\"  i_size=\"md\"  btn_align=\"left\"  i_css_animation=\"\" css_animation=\"\"][\/vc_cta]<\/div><div class=\"tm-sbox tm-sbox-iconalign-left none     \">[vc_cta h2=\"NA\u010cIN UPRAVLJANJA\"  use_custom_fonts_h2=\"true\"  h2_font_container=\"line_height:44px\"  h2_use_theme_fonts=\"yes\"  h2_google_fonts=\"font_family:Arimo%3Aregular%2Citalic%2C700%2C700italic|font_style:700%20bold%20regular%3A700%3Anormal\"  h4_google_fonts=\"font_family:Lato%3A100%2C100italic%2C300%2C300italic%2Cregular%2Citalic%2C700%2C700italic%2C900%2C900italic|font_style:300%20light%20regular%3A300%3Anormal\"  txt_align=\"left\"  heading_sep=\"no\"  shape=\"none\"  style=\"transparent\"  color=\"grey\"  btn_title=\"Read More\"  btn_style=\"text\"  btn_gradient_color_1=\"turquoise\"  btn_gradient_color_2=\"blue\"  btn_custom_background=\"#ededed\"  btn_custom_text=\"#666\"  btn_outline_custom_color=\"#666\"  btn_outline_custom_hover_background=\"#666\"  btn_outline_custom_hover_text=\"#fff\"  btn_color=\"skincolor\"  btn_size=\"md\"  add_icon=\"left\"  hover=\"none\"  icon_type=\"icon\"  i_type=\"fontawesome\"  i_icon_fontawesome=\"fas fa-book-medical\"  i_icon_openiconic=\"vc-oi vc-oi-dial\"  i_icon_typicons=\"typcn typcn-adjust-brightness\"  i_icon_entypo=\"entypo-icon entypo-icon-note\"  i_icon_linecons=\"vc_li vc_li-heart\"  i_color=\"skincolor\"  i_background_style=\"none\"  i_background_color=\"grey\"  i_size=\"md\"  btn_align=\"left\"  i_css_animation=\"\" css_animation=\"\"][\/vc_cta]<\/div>[\/vc_column_inner][vc_column_inner width=&#8221;2\/3&#8221;][vc_column_text]Organizacija rada, broj zaposlenih, na\u010din upravljanja i rukovo\u0111enja regulisani su Statutom Federalnog zavoda osiguranja i reosiguranja i Pravilnikom o organizaciji i sistematizaciji poslova i zadataka Stru\u010dne slu\u017ebe. Statut Federalnog zavoda je donijela Vlada Federacije Bosne i Hercegovine, a na Pravilnik o organizaciji i sistematizaciji poslova i zadataka Stru\u010dne slu\u017ebe, Vlade Federacije Bosne i Hercegovine je svojim aktom dala saglasnost.<\/p>\n<p>Radom Federalnog zavoda upravlja Upravni odbor sastavljen od 11 \u010dlanova koji \u010dine po jedan predstavnik svakog kantona i predstavnik Ministarstva zdravstva Federacije Bosne i Hercegovine.<\/p>\n<p>Federalni Zavod predstavlja i zastupa Direktor u skladu sa Zakonom i Statutom.[\/vc_column_text][\/vc_column_inner][\/vc_row_inner][\/vc_column][\/vc_row][vc_row full_width=&#8221;stretch_row&#8221; bgtype=&#8221;grey&#8221; css=&#8221;.vc_custom_1467020695030{padding-bottom: 65px !important;}&#8221;][vc_column]<div class=\"tm-element-heading-wrapper tm-heading-inner tm-element-align-center tm-heading-with-separator \">[vc_cta text=\"SPOLJNJE OKRU\u017dENJE\"  h2_google_fonts=\"font_family:Arimo%3Aregular%2Citalic%2C700%2C700italic|font_style:700%20bold%20regular%3A700%3Anormal\"  h4_google_fonts=\"font_family:Lato%3A100%2C100italic%2C300%2C300italic%2Cregular%2Citalic%2C700%2C700italic%2C900%2C900italic|font_style:300%20light%20regular%3A300%3Anormal\"  align=\"center\"  heading_sep=\"yes\"  tag=\"h2\"  h2=\"SPOLJNJE OKRU\u017dENJE\"  txt_align=\"center\"  i_css_animation=\"\" css_animation=\"\"][\/vc_cta]<div class=\"heading-seperator\"><\/div><\/div> <!-- .tm-element-heading-wrapper container --> [vc_column_text]Ministarstvo zdravstva Federacije BiH je nadle\u017eno ministarstvo za Federalni zavod i sve instrukcije kao i povratni izvje\u0161taji i planovi se dostavljaju ministarstvu na odobrenje i daljnju proceduru. Za finansiranje dijela sredstava (transferi za odre\u0111ene programe) nadle\u017eno je Federalno ministarstvo finansija koje ove transakcije izvr\u0161ava u skladu sa Zakonom o izvr\u0161enju bud\u017eeta. Zna\u010dajan je uticaj Parlamenta FBiH prilikom usvajanja Planova i izvje\u0161taja Zavoda kao i dono\u0161enja zakonskih rje\u0161enja iz oblasti zdravstva.<\/p>\n<p>Obzirom na javnu odgovornost institucije zna\u010dajan uticaj iz okru\u017eenja ima cjelokupna javnost kao i nevladine organizacije.<\/p>\n<p>Sredstva federalnog fonda solidarnosti se osiguravaju iz doprinosa za obavezno zdravstveno osiguranje i dijelom iz sredstava Bud\u017eeta Federacije BiH putem transfera Federalnog ministarstva zdravstva.[\/vc_column_text][\/vc_column][\/vc_row][vc_row][vc_column][vc_row_inner][vc_column_inner width=&#8221;5\/12&#8221; css=&#8221;.vc_custom_1655713259571{border-left-width: 3px !important;border-left-color: #00b1eb !important;border-left-style: solid !important;}&#8221;]<div class=\"tm-element-heading-wrapper tm-heading-inner tm-element-align-left \">[vc_cta text=\"MISIJA\"  h2_google_fonts=\"font_family:Arimo%3Aregular%2Citalic%2C700%2C700italic|font_style:700%20bold%20regular%3A700%3Anormal\"  h4_google_fonts=\"font_family:Lato%3A100%2C100italic%2C300%2C300italic%2Cregular%2Citalic%2C700%2C700italic%2C900%2C900italic|font_style:300%20light%20regular%3A300%3Anormal\"  align=\"left\"  heading_sep=\"no\"  tag=\"h2\"  h2=\"MISIJA\"  txt_align=\"left\"  i_css_animation=\"\" css_animation=\"\"][\/vc_cta]<\/div> <!-- .tm-element-heading-wrapper container --> [vc_column_text]<em>ZZOR FBiH je javna ustanova koja ima vode\u0107u ulogu u osiguranju univerzalnog pristupa finansijski odr\u017eivom osnovnom paketu zdravstvenih prava iz obaveznog zdravstvenog osiguranja \u010dime uti\u010de na izgradnju odr\u017eivog kvalitetnog i isplativog zdravstvenog sistema sa ciljem pobolj\u0161anja zdravstvenog stanja stanovni\u0161tva Federacije BiH.<\/em>[\/vc_column_text][\/vc_column_inner][vc_column_inner width=&#8221;1\/12&#8221; offset=&#8221;vc_hidden-sm vc_hidden-xs&#8221;][\/vc_column_inner][vc_column_inner width=&#8221;1\/2&#8221; css=&#8221;.vc_custom_1655713247236{border-left-width: 3px !important;border-left-color: #00b1eb !important;border-left-style: solid !important;}&#8221;]<div class=\"tm-element-heading-wrapper tm-heading-inner tm-element-align-left \">[vc_cta text=\"VIZIJA\"  h2_google_fonts=\"font_family:Arimo%3Aregular%2Citalic%2C700%2C700italic|font_style:700%20bold%20regular%3A700%3Anormal\"  h4_google_fonts=\"font_family:Lato%3A100%2C100italic%2C300%2C300italic%2Cregular%2Citalic%2C700%2C700italic%2C900%2C900italic|font_style:300%20light%20regular%3A300%3Anormal\"  align=\"left\"  heading_sep=\"no\"  tag=\"h2\"  h2=\"VIZIJA\"  txt_align=\"left\"  i_css_animation=\"\" css_animation=\"\"][\/vc_cta]<\/div> <!-- .tm-element-heading-wrapper container --> [vc_column_text]\u201e<em>\u201eDa se razvije i oja\u010da u instituciju iz oblasti zdravstvenog sektora koja \u0107e prvenstveno biti orjentisana prema pacijentu u cilju obezbje\u0111enja kvalitetnih usluga na efikasan, ekonomi\u010dan, efektivan i transparentan na\u010din\u201c kao i da \u201eobezbijedi optimalan stepen osiguranja prava pacijenta podjednako na cijelom podru\u010dju Federacije BIH iz programa u nadle\u017enosti Federalnog zavoda i da osigura jednakost posmatranu kroz prizmu obuhvata i pravi\u010dnog finansiranja zdravstvene za\u0161tite osiguranika.\u201c<\/em>[\/vc_column_text][\/vc_column_inner][\/vc_row_inner][vc_row_inner][vc_column_inner][vc_empty_space height=&#8221;50px&#8221;][vc_column_text]<span class=\"blue\"><strong>Nadle\u017enost<\/strong> <\/span>Federalnog zavoda utvr\u0111ena je Zakonom o zdravstvenom osiguranju i Statutom Federalnog zavoda, a odnosi se na:<\/p>\n<ul>\n<li>u\u010de\u0161\u0107e u izradi Zakona u oblasti zdravstva, kao i drugih propisa i podzakonskih akata u vezi sa ostvarivanjem prava iz obaveznog zdravstvenog osiguranja;<\/li>\n<li>pra\u0107enje politike provo\u0111enja i unapre\u0111enja obaveznog zdravstvenog osiguranja i koordiniranje rada kantonalnih zavoda zdravstvenog osiguranja u tom domenu;<\/li>\n<li>planiranje i prikupljanje sredstava federalnog fonda solidarnosti i realizacije programa zdravstvene za\u0161tite koji se finansiraju sredstvima federalne solidarnosti, saglasno Odluci o vertikalnim programima;<\/li>\n<li>obezbje\u0111enje prava osiguranika u okviru federalnog fonda solidarnosti u cilju ujedna\u010davanja prava osiguranih na nivou Federacije BiH kod provo\u0111enja odre\u0111enih programa zdravstvene za\u0161tite;<\/li>\n<li>izradu me\u0111unarodnih ugovora o socijalnom osiguranju u dijelu koji se odnosi na obavezno zdravstveno osiguranje i provodi ih;<\/li>\n<li>koordinira rad kantonalnih zavoda zdravstvenog osiguranja u provo\u0111enju ovih ugovora i neposredno u\u010destvuje u me\u0111unarodnim dogovorima vezanim za ovu oblast,<\/li>\n<li>obavljanje poslova u vezi sa ostvarivanjem zdravstvene za\u0161tite u inostranstvu za koje je ovla\u0161ten u skladu sa Zakonom o zdravstvenom osiguranju;<\/li>\n<li>osiguranje vo\u0111enja jedinstvenog informacionog sistema obaveznog zdravstvenog osiguranja;<\/li>\n<li>prikupljanje, analizu podataka i izradu obra\u010duna ukupnih sredstava ostvarenih i utro\u0161enih u zdravstvu Federacije Bosne i Hercegovine;<\/li>\n<li>izradu cijena zdravstvenih usluga iz osnova obaveznog zdravstvenog osiguranja;<\/li>\n<li>kao i druge poslove koji se odnose na rad federalnog fonda solidarnosti, a proizilaze iz zakona i drugih propisa te podzakonskih akata.<\/li>\n<\/ul>\n<p>&nbsp;<\/p>\n<p>Realizacija Programa zdravstvene za\u0161tite predstavlja <strong>prioritete<\/strong> i oni su grupisani kako slijedi:<\/p>\n<ol>\n<li>Obezbje\u0111ivanje prava na zdravstvene usluge koje se finansiraju sredstvima federalnog fonda solidarnosti,<\/li>\n<li>Obezbje\u0111ivanje prava na lijekove i medicinska sredstva koji se finansiraju sredstvima federalnog fonda solidarnosti,<\/li>\n<li>Ostvarivanje prava iz bolni\u010dke zdravstvene za\u0161tite povratnika iz Federacije BiH u R Srpsku u zdravstvenim ustanovama u FBiH,<\/li>\n<li>Obezbje\u0111ivanje prava osiguranim licima u FBiH na kori\u0161tenje zdravstvene za\u0161tite u inostranstvu saglasno Pravilniku o uvjetima i postupku upu\u0107ivanja osiguranih lica na lije\u010denje u inostranstvo,<\/li>\n<li>Zdravstvena za\u0161tita u inostranstvu (za deta\u0161irane radnike) i po osnovu provo\u0111enja me\u0111unarodnih ugovora o socijalnom osiguranju,<\/li>\n<li>Planiranje i ugovaranje zdravstvene za\u0161tite iz obaveznog zdravstvenog osiguranja i izvje\u0161tavanja,<\/li>\n<li>Pra\u0107enje registracije obveznika, uplate doprinosa, ostvarivanja prava i pra\u0107enje tro\u0161kova zdravstvene za\u0161tite iz obaveznog zdravstvenog osiguranja, putem informacionog sistema u Federalnog zavoda osiguranja i reosiguranja,<\/li>\n<li>Uskla\u0111ivanje zakonodavnopravnog okvira sa reformskim procesima FBiH i propisima EU, prevencija u borbi protiv korupcije i ja\u010danje integriteta Federalnog zavoda osiguranja i reosiguranja.<\/li>\n<\/ol>\n<p>[\/vc_column_text][\/vc_column_inner][\/vc_row_inner][\/vc_column][\/vc_row]<\/p>\n","protected":false},"excerpt":{"rendered":"<p>[vc_row full_width=&#8221;stretch_row&#8221; bgtype=&#8221;grey&#8221; css=&#8221;.vc_custom_1467018325468{padding-top: 100px !important;padding-bottom: 80px !important;}&#8221;][vc_column][vc_row_inner][vc_column_inner width=&#8221;1\/2&#8221;][vc_single_image image=&#8221;4751&#8221; img_size=&#8221;full&#8221; alignment=&#8221;center&#8221;][\/vc_column_inner][vc_column_inner width=&#8221;1\/2&#8221;][vc_column_text] \u010clanom 16. Zakona o zdravstvenom osiguranju (&#8221;Slu\u017ebene novine Federacije BiH&#8221; br. 30\/97 i 7\/02, 70\/08 i 48\/11) (u daljem tekstu Zakon o zdravstvenom osiguranju) propisano je osnivanje Zavoda zdravstvenog osiguranja i reosiguranja Federacije BiH, radi obavljanja poslova i ostvarivanja prava iz obaveznog [&hellip;]<\/p>\n","protected":false},"author":1,"featured_media":0,"parent":0,"menu_order":13,"comment_status":"closed","ping_status":"closed","template":"","meta":{"footnotes":""},"class_list":["post-4658","page","type-page","status-publish","hentry"],"_links":{"self":[{"href":"https:\/\/zzofbih.ba\/bs\/wp-json\/wp\/v2\/pages\/4658","targetHints":{"allow":["GET"]}}],"collection":[{"href":"https:\/\/zzofbih.ba\/bs\/wp-json\/wp\/v2\/pages"}],"about":[{"href":"https:\/\/zzofbih.ba\/bs\/wp-json\/wp\/v2\/types\/page"}],"author":[{"embeddable":true,"href":"https:\/\/zzofbih.ba\/bs\/wp-json\/wp\/v2\/users\/1"}],"replies":[{"embeddable":true,"href":"https:\/\/zzofbih.ba\/bs\/wp-json\/wp\/v2\/comments?post=4658"}],"version-history":[{"count":4,"href":"https:\/\/zzofbih.ba\/bs\/wp-json\/wp\/v2\/pages\/4658\/revisions"}],"predecessor-version":[{"id":6240,"href":"https:\/\/zzofbih.ba\/bs\/wp-json\/wp\/v2\/pages\/4658\/revisions\/6240"}],"wp:attachment":[{"href":"https:\/\/zzofbih.ba\/bs\/wp-json\/wp\/v2\/media?parent=4658"}],"curies":[{"name":"wp","href":"https:\/\/api.w.org\/{rel}","templated":true}]}}