{"id":4656,"date":"2022-06-14T10:52:35","date_gmt":"2022-06-14T08:52:35","guid":{"rendered":"https:\/\/zzofbih.ba\/kontakt\/"},"modified":"2025-10-30T14:13:11","modified_gmt":"2025-10-30T13:13:11","slug":"kontakt","status":"publish","type":"page","link":"https:\/\/zzofbih.ba\/bs\/kontakt\/","title":{"rendered":"Kontakt"},"content":{"rendered":"<p>[vc_row css=&#8221;.vc_custom_1467179893639{padding-bottom: 65px !important;}&#8221;][vc_column]<div class=\"tm-element-heading-wrapper tm-heading-inner tm-element-align-center tm-heading-with-separator \">[vc_cta text=\"NA\u0160E KONTAKT INFORMACIJE\"  h2_google_fonts=\"font_family:Arimo%3Aregular%2Citalic%2C700%2C700italic|font_style:700%20bold%20regular%3A700%3Anormal\"  h4_google_fonts=\"font_family:Lato%3A100%2C100italic%2C300%2C300italic%2Cregular%2Citalic%2C700%2C700italic%2C900%2C900italic|font_style:300%20light%20regular%3A300%3Anormal\"  align=\"center\"  heading_sep=\"yes\"  tag=\"h2\"  h2=\"NA\u0160E KONTAKT INFORMACIJE\"  txt_align=\"center\"  i_css_animation=\"\" css_animation=\"\"][\/vc_cta]<div class=\"heading-seperator\"><\/div><\/div> <!-- .tm-element-heading-wrapper container --> [vc_row_inner][vc_column_inner width=&#8221;1\/4&#8221;]<div class=\"tm-sbox tm-sbox-iconalign-top none     \">[vc_cta h2=\"ADRESA\"  h2_google_fonts=\"font_family:Arimo%3Aregular%2Citalic%2C700%2C700italic|font_style:700%20bold%20regular%3A700%3Anormal\"  h4_google_fonts=\"font_family:Lato%3A100%2C100italic%2C300%2C300italic%2Cregular%2Citalic%2C700%2C700italic%2C900%2C900italic|font_style:300%20light%20regular%3A300%3Anormal\"  txt_align=\"center\"  heading_sep=\"no\"  shape=\"none\"  style=\"transparent\"  color=\"grey\"  btn_title=\"Read More\"  btn_style=\"text\"  btn_gradient_color_1=\"turquoise\"  btn_gradient_color_2=\"blue\"  btn_custom_background=\"#ededed\"  btn_custom_text=\"#666\"  btn_outline_custom_color=\"#666\"  btn_outline_custom_hover_background=\"#666\"  btn_outline_custom_hover_text=\"#fff\"  btn_color=\"skincolor\"  btn_size=\"md\"  add_icon=\"top\"  hover=\"none\"  icon_type=\"icon\"  i_type=\"linecons\"  i_icon_fontawesome=\"fa fa-thumbs-o-up\"  i_icon_openiconic=\"vc-oi vc-oi-dial\"  i_icon_typicons=\"typcn typcn-adjust-brightness\"  i_icon_entypo=\"entypo-icon entypo-icon-note\"  i_icon_linecons=\"vc_li vc_li-location\"  i_color=\"white\"  i_background_style=\"rounded\"  i_background_color=\"skincolor\"  i_size=\"lg\"  btn_align=\"center\"  i_css_animation=\"\" css_animation=\"\"]Trg Heroja 14<br \/>\n71000 Sarajevo[\/vc_cta]<\/div>[\/vc_column_inner][vc_column_inner width=&#8221;1\/4&#8221;]<div class=\"tm-sbox tm-sbox-iconalign-top none     \">[vc_cta h2=\"TELEFON\"  h2_google_fonts=\"font_family:Arimo%3Aregular%2Citalic%2C700%2C700italic|font_style:700%20bold%20regular%3A700%3Anormal\"  h4_google_fonts=\"font_family:Lato%3A100%2C100italic%2C300%2C300italic%2Cregular%2Citalic%2C700%2C700italic%2C900%2C900italic|font_style:300%20light%20regular%3A300%3Anormal\"  txt_align=\"center\"  heading_sep=\"no\"  shape=\"none\"  style=\"transparent\"  color=\"grey\"  btn_title=\"Read More\"  btn_style=\"text\"  btn_gradient_color_1=\"turquoise\"  btn_gradient_color_2=\"blue\"  btn_custom_background=\"#ededed\"  btn_custom_text=\"#666\"  btn_outline_custom_color=\"#666\"  btn_outline_custom_hover_background=\"#666\"  btn_outline_custom_hover_text=\"#fff\"  btn_color=\"skincolor\"  btn_size=\"md\"  add_icon=\"top\"  hover=\"none\"  icon_type=\"icon\"  i_type=\"fontawesome\"  i_icon_fontawesome=\"fas fa-phone-volume\"  i_icon_openiconic=\"vc-oi vc-oi-dial\"  i_icon_typicons=\"typcn typcn-adjust-brightness\"  i_icon_entypo=\"entypo-icon entypo-icon-note\"  i_icon_linecons=\"vc_li vc_li-heart\"  i_color=\"white\"  i_background_style=\"rounded\"  i_background_color=\"skincolor\"  i_size=\"lg\"  btn_align=\"center\"  i_css_animation=\"\" css_animation=\"\"]+387 33 728 700[\/vc_cta]<\/div>[\/vc_column_inner][vc_column_inner width=&#8221;1\/4&#8221;]<div class=\"tm-sbox tm-sbox-iconalign-top none     \">[vc_cta h2=\"EMAIL\"  h2_google_fonts=\"font_family:Arimo%3Aregular%2Citalic%2C700%2C700italic|font_style:700%20bold%20regular%3A700%3Anormal\"  h4_google_fonts=\"font_family:Lato%3A100%2C100italic%2C300%2C300italic%2Cregular%2Citalic%2C700%2C700italic%2C900%2C900italic|font_style:300%20light%20regular%3A300%3Anormal\"  txt_align=\"center\"  heading_sep=\"no\"  shape=\"none\"  style=\"transparent\"  color=\"grey\"  btn_title=\"Read More\"  btn_style=\"text\"  btn_gradient_color_1=\"turquoise\"  btn_gradient_color_2=\"blue\"  btn_custom_background=\"#ededed\"  btn_custom_text=\"#666\"  btn_outline_custom_color=\"#666\"  btn_outline_custom_hover_background=\"#666\"  btn_outline_custom_hover_text=\"#fff\"  btn_color=\"skincolor\"  btn_size=\"md\"  add_icon=\"top\"  hover=\"none\"  icon_type=\"icon\"  i_type=\"linecons\"  i_icon_fontawesome=\"fa fa-thumbs-o-up\"  i_icon_openiconic=\"vc-oi vc-oi-dial\"  i_icon_typicons=\"typcn typcn-adjust-brightness\"  i_icon_entypo=\"entypo-icon entypo-icon-note\"  i_icon_linecons=\"vc_li vc_li-mail\"  i_color=\"white\"  i_background_style=\"rounded\"  i_background_color=\"skincolor\"  i_size=\"lg\"  btn_align=\"center\"  i_css_animation=\"\" css_animation=\"\"]zavod@zzofbih.ba<br \/>\n<strong>Email za novinske upite:<\/strong> info_zavod@zzofbih.ba[\/vc_cta]<\/div>[\/vc_column_inner][vc_column_inner width=&#8221;1\/4&#8221;]<div class=\"tm-sbox tm-sbox-iconalign-top none     \">[vc_cta h2=\"FAX\"  h2_google_fonts=\"font_family:Arimo%3Aregular%2Citalic%2C700%2C700italic|font_style:700%20bold%20regular%3A700%3Anormal\"  h4_google_fonts=\"font_family:Lato%3A100%2C100italic%2C300%2C300italic%2Cregular%2Citalic%2C700%2C700italic%2C900%2C900italic|font_style:300%20light%20regular%3A300%3Anormal\"  txt_align=\"center\"  heading_sep=\"no\"  shape=\"none\"  style=\"transparent\"  color=\"grey\"  btn_title=\"Read More\"  btn_style=\"text\"  btn_gradient_color_1=\"turquoise\"  btn_gradient_color_2=\"blue\"  btn_custom_background=\"#ededed\"  btn_custom_text=\"#666\"  btn_outline_custom_color=\"#666\"  btn_outline_custom_hover_background=\"#666\"  btn_outline_custom_hover_text=\"#fff\"  btn_color=\"skincolor\"  btn_size=\"md\"  add_icon=\"top\"  hover=\"none\"  icon_type=\"icon\"  i_type=\"entypo\"  i_icon_fontawesome=\"fa fa-thumbs-o-up\"  i_icon_openiconic=\"vc-oi vc-oi-dial\"  i_icon_typicons=\"typcn typcn-adjust-brightness\"  i_icon_entypo=\"entypo-icon entypo-icon-print\"  i_icon_linecons=\"vc_li vc_li-heart\"  i_color=\"white\"  i_background_style=\"rounded\"  i_background_color=\"skincolor\"  i_size=\"lg\"  btn_align=\"center\"  i_css_animation=\"\" css_animation=\"\"]<\/p>\n<div class=\"contact-detail\">+387 33 655-856<\/div>\n<div class=\"contact-detail\"><strong>Javne nabave:<\/strong> +387 33 610-275<\/div>\n<div class=\"contact-detail\"><strong>Ino-slu\u017eba:<\/strong> +387 33 655-877<\/div>\n<p>[\/vc_cta]<\/div>[\/vc_column_inner][\/vc_row_inner][vc_separator][vc_row_inner][vc_column_inner width=&#8221;1\/2&#8221;][vc_column_text]<\/p>\n<div class=\"contact-detail\">\n<p><strong>Rukovodilac slu\u017ebe za finansije i ra\u010dunovodstvo<\/strong><br \/>\n+387 33 728-705<\/p>\n<hr \/>\n<p><strong>Rukovodilac slu\u017ebe za sistem zdravstvenog osiguranja<\/strong><br \/>\n+387 33 728-710<\/p>\n<hr \/>\n<p><strong>Rukovodilac slu\u017ebe za op\u0107e i osobne poslove<\/strong><br \/>\n+387 33 728-708<\/p>\n<hr \/>\n<p><strong>Rukovodilac slu\u017ebe za planiranje i ekonomiku<\/strong><br \/>\n+387 33 728-709<\/p>\n<hr \/>\n<p><strong>Rukovodilac slu\u017ebe za ino-osiguranje i lije\u010denje u inostranstvu<\/strong><br \/>\n+387 33 728-706<\/p>\n<hr \/>\n<p><strong>Rukovodilac slu\u017ebe za medicinsko-farmaceutske poslove<\/strong><br \/>\n+387 33 728-711<\/p>\n<hr \/>\n<p><strong>Rukovodilac slu\u017ebe za informacione tehnologije<\/strong><br \/>\n+387 33 728-707<\/p>\n<hr \/>\n<p><strong>Rukovodilac slu\u017ebe za internu reviziju<\/strong><\/p>\n<p>+387 33 728 744<\/p>\n<hr \/>\n<p><strong>Slu\u017ebenik za za\u0161titu li\u010dnih podataka Zavoda zdravstvenog osiguranja i reosiguranja F BiH<\/strong><\/p>\n<p>Maida Arnautovi\u0107, e mail:\u00a0<a href=\"mailto:szzp@zzofbih.ba\">szzp@zzofbih.ba<\/a>\u00a0, kontakt telefon 033\/728-701<\/p>\n<\/div>\n<p>[\/vc_column_text][\/vc_column_inner][vc_column_inner width=&#8221;1\/2&#8221;][vc_column_text]<strong>Jed. ident. broj pravnog subjekta<\/strong><br \/>\n4200642000008<\/p>\n<hr \/>\n<p><strong>Depozitni ra\u010dun, KM <\/strong><br \/>\nUnion Banka d.d.:\u00a0 \u00a0102-050-0000064-018[\/vc_column_text][\/vc_column_inner][\/vc_row_inner][\/vc_column][\/vc_row][vc_row css=&#8221;.vc_custom_1655710389745{padding-top: 0px !important;}&#8221;][vc_column]<div class=\"tm-element-heading-wrapper tm-heading-inner tm-element-align-center tm-heading-with-separator \">[vc_cta text=\"PO\u0160ALJITE NAM PORUKU\"  h2_google_fonts=\"font_family:Arimo%3Aregular%2Citalic%2C700%2C700italic|font_style:700%20bold%20regular%3A700%3Anormal\"  h4_google_fonts=\"font_family:Lato%3A100%2C100italic%2C300%2C300italic%2Cregular%2Citalic%2C700%2C700italic%2C900%2C900italic|font_style:300%20light%20regular%3A300%3Anormal\"  align=\"center\"  heading_sep=\"yes\"  tag=\"h2\"  h2=\"PO\u0160ALJITE NAM PORUKU\"  txt_align=\"center\"  i_css_animation=\"\" css_animation=\"\"][\/vc_cta]<div class=\"heading-seperator\"><\/div><\/div> <!-- .tm-element-heading-wrapper container --> [vc_row_inner][vc_column_inner width=&#8221;1\/6&#8221;][\/vc_column_inner][vc_column_inner width=&#8221;2\/3&#8221;]\n<div class=\"wpcf7 no-js\" id=\"wpcf7-f4160-o1\" lang=\"hr\" dir=\"ltr\" data-wpcf7-id=\"4160\">\n<div class=\"screen-reader-response\"><p role=\"status\" aria-live=\"polite\" aria-atomic=\"true\"><\/p> <ul><\/ul><\/div>\n<form action=\"\/bs\/wp-json\/wp\/v2\/pages\/4656#wpcf7-f4160-o1\" method=\"post\" class=\"wpcf7-form init\" aria-label=\"Kontakt obrazac\" novalidate=\"novalidate\" data-status=\"init\">\n<fieldset class=\"hidden-fields-container\"><input type=\"hidden\" name=\"_wpcf7\" value=\"4160\" \/><input type=\"hidden\" name=\"_wpcf7_version\" value=\"6.1.4\" \/><input type=\"hidden\" name=\"_wpcf7_locale\" value=\"hr\" \/><input type=\"hidden\" name=\"_wpcf7_unit_tag\" value=\"wpcf7-f4160-o1\" \/><input type=\"hidden\" name=\"_wpcf7_container_post\" value=\"0\" \/><input type=\"hidden\" name=\"_wpcf7_posted_data_hash\" value=\"\" \/><input type=\"hidden\" name=\"_wpcf7_recaptcha_response\" value=\"\" \/>\n<\/fieldset>\n<div class=\"vc_row\">\n\t<div class=\"vc_col-sm-6\">\n\t\t<p><span class=\"wpcf7-form-control-wrap\" data-name=\"ime\"><input size=\"40\" maxlength=\"400\" class=\"wpcf7-form-control wpcf7-text wpcf7-validates-as-required\" aria-required=\"true\" aria-invalid=\"false\" placeholder=\"Va\u0161e ime\" value=\"\" type=\"text\" name=\"ime\" \/><\/span>\n\t\t<\/p>\n\t<\/div>\n\t<div class=\"vc_col-sm-6\">\n\t\t<p><span class=\"wpcf7-form-control-wrap\" data-name=\"eposta\"><input size=\"40\" maxlength=\"400\" class=\"wpcf7-form-control wpcf7-email wpcf7-validates-as-required wpcf7-text wpcf7-validates-as-email\" aria-required=\"true\" aria-invalid=\"false\" placeholder=\"Va\u0161 email\" value=\"\" type=\"email\" name=\"eposta\" \/><\/span>\n\t\t<\/p>\n\t<\/div>\n<\/div>\n<div class=\"vc_row\">\n\t<div class=\"vc_col-sm-12\">\n\t\t<p><span class=\"wpcf7-form-control-wrap\" data-name=\"predmet\"><input size=\"40\" maxlength=\"400\" class=\"wpcf7-form-control wpcf7-text\" aria-invalid=\"false\" placeholder=\"Predmet\" value=\"\" type=\"text\" name=\"predmet\" \/><\/span>\n\t\t<\/p>\n\t<\/div>\n<\/div>\n<div class=\"vc_row\">\n\t<div class=\"vc_col-sm-12 kontakt-cf\">\n\t\t<p><span class=\"wpcf7-form-control-wrap\" data-name=\"poruka\"><textarea cols=\"40\" rows=\"10\" maxlength=\"2000\" class=\"wpcf7-form-control wpcf7-textarea wpcf7-validates-as-required\" aria-required=\"true\" aria-invalid=\"false\" placeholder=\"Va\u0161a poruka\" name=\"poruka\"><\/textarea><\/span>\n\t\t<\/p>\n\t<\/div>\n<\/div>\n<div class=\"vc_row\">\n\t<div class=\"vc_col-sm-12 kontakt-sb\">\n\t\t<p><input class=\"wpcf7-form-control wpcf7-submit has-spinner\" type=\"submit\" value=\"Po\u0161alji\" \/>\n\t\t<\/p>\n\t<\/div>\n<\/div><div class=\"wpcf7-response-output\" aria-hidden=\"true\"><\/div>\n<\/form>\n<\/div>\n[\/vc_column_inner][vc_column_inner width=&#8221;1\/6&#8221;][\/vc_column_inner][\/vc_row_inner][\/vc_column][\/vc_row][vc_row full_width=&#8221;stretch_row_content_no_spaces&#8221; css=&#8221;.vc_custom_1467177028516{padding-top: 0px !important;padding-bottom: 0px !important;}&#8221;][vc_column][vc_gmaps link=&#8221;#E-8_JTNDaWZyYW1lJTIwc3JjJTNEJTIyaHR0cHMlM0ElMkYlMkZ3d3cuZ29vZ2xlLmNvbSUyRm1hcHMlMkZlbWJlZCUzRnBiJTNEJTIxMW0xNCUyMTFtOCUyMTFtMyUyMTFkMTE1MDkuMzE4MjgxOTg5Mjk0JTIxMmQxOC4zODM0MjYxJTIxM2Q0My44NDg5OTczJTIxM20yJTIxMWkxMDI0JTIxMmk3NjglMjE0ZjEzLjElMjEzbTMlMjExbTIlMjExczB4MCUyNTNBMHg0NmQ3MTYwZWVmNDhmZTlkJTIxMnNIZWFsdGglMjUyMEluc3VyYW5jZSUyNTIwYW5kJTI1MjBSZWluc3VyYW5jZSUyNTIwSW5zdGl0dXRlJTI1MjBvZiUyNTIwRmVkZXJhdGlvbiUyNTIwb2YlMjUyMEJvc25pYSUyNTIwYW5kJTI1MjBIZXJ6ZWdvdmluYSUyMTVlMCUyMTNtMiUyMTFzaHIlMjEyc2JhJTIxNHYxNjU1NzA5NTgyNDg1JTIxNW0yJTIxMXNociUyMTJzYmElMjIlMjBoZWlnaHQlM0QlMjI0NTAlMjIlMjBzdHlsZSUzRCUyMmJvcmRlciUzQTAlM0IlMjIlMjBhbGxvd2Z1bGxzY3JlZW4lM0QlMjIlMjIlMjBsb2FkaW5nJTNEJTIybGF6eSUyMiUyMHJlZmVycmVycG9saWN5JTNEJTIybm8tcmVmZXJyZXItd2hlbi1kb3duZ3JhZGUlMjIlM0UlM0MlMkZpZnJhbWUlM0U=&#8221; css=&#8221;.vc_custom_1655709627205{margin-bottom: 0px !important;}&#8221;][\/vc_column][\/vc_row]<\/p>\n","protected":false},"excerpt":{"rendered":"<p>[vc_row css=&#8221;.vc_custom_1467179893639{padding-bottom: 65px !important;}&#8221;][vc_column][vc_row_inner][vc_column_inner width=&#8221;1\/4&#8221;][\/vc_column_inner][vc_column_inner width=&#8221;1\/4&#8221;][\/vc_column_inner][vc_column_inner width=&#8221;1\/4&#8221;][\/vc_column_inner][vc_column_inner width=&#8221;1\/4&#8221;][\/vc_column_inner][\/vc_row_inner][vc_separator][vc_row_inner][vc_column_inner width=&#8221;1\/2&#8221;][vc_column_text] Rukovodilac slu\u017ebe za finansije i ra\u010dunovodstvo +387 33 728-705 Rukovodilac slu\u017ebe za sistem zdravstvenog osiguranja +387 33 728-710 Rukovodilac slu\u017ebe za op\u0107e i osobne poslove +387 33 728-708 Rukovodilac slu\u017ebe za planiranje i ekonomiku +387 33 728-709 Rukovodilac slu\u017ebe za ino-osiguranje i lije\u010denje u inostranstvu +387 [&hellip;]<\/p>\n","protected":false},"author":1,"featured_media":0,"parent":0,"menu_order":17,"comment_status":"closed","ping_status":"closed","template":"","meta":{"footnotes":""},"class_list":["post-4656","page","type-page","status-publish","hentry"],"_links":{"self":[{"href":"https:\/\/zzofbih.ba\/bs\/wp-json\/wp\/v2\/pages\/4656","targetHints":{"allow":["GET"]}}],"collection":[{"href":"https:\/\/zzofbih.ba\/bs\/wp-json\/wp\/v2\/pages"}],"about":[{"href":"https:\/\/zzofbih.ba\/bs\/wp-json\/wp\/v2\/types\/page"}],"author":[{"embeddable":true,"href":"https:\/\/zzofbih.ba\/bs\/wp-json\/wp\/v2\/users\/1"}],"replies":[{"embeddable":true,"href":"https:\/\/zzofbih.ba\/bs\/wp-json\/wp\/v2\/comments?post=4656"}],"version-history":[{"count":9,"href":"https:\/\/zzofbih.ba\/bs\/wp-json\/wp\/v2\/pages\/4656\/revisions"}],"predecessor-version":[{"id":6901,"href":"https:\/\/zzofbih.ba\/bs\/wp-json\/wp\/v2\/pages\/4656\/revisions\/6901"}],"wp:attachment":[{"href":"https:\/\/zzofbih.ba\/bs\/wp-json\/wp\/v2\/media?parent=4656"}],"curies":[{"name":"wp","href":"https:\/\/api.w.org\/{rel}","templated":true}]}}