{"id":4655,"date":"2022-06-14T11:05:13","date_gmt":"2022-06-14T09:05:13","guid":{"rendered":"https:\/\/zzofbih.ba\/fond-solidarnosti\/"},"modified":"2023-06-19T13:29:17","modified_gmt":"2023-06-19T11:29:17","slug":"fond-solidarnosti","status":"publish","type":"page","link":"https:\/\/zzofbih.ba\/bs\/fond-solidarnosti\/","title":{"rendered":"Fond solidarnosti"},"content":{"rendered":"<p>[vc_row content_placement=&#8221;bottom&#8221; css=&#8221;.vc_custom_1655722234642{padding-bottom: 0px !important;}&#8221;][vc_column width=&#8221;2\/3&#8221;]<div class=\"tm-element-heading-wrapper tm-heading-inner tm-element-align-left tm-heading-with-separator \">[vc_cta text=\"O FONDU SOLIDARNOSTI\"  h2_google_fonts=\"font_family:Arimo%3Aregular%2Citalic%2C700%2C700italic|font_style:700%20bold%20regular%3A700%3Anormal\"  h4_google_fonts=\"font_family:Lato%3A100%2C100italic%2C300%2C300italic%2Cregular%2Citalic%2C700%2C700italic%2C900%2C900italic|font_style:300%20light%20regular%3A300%3Anormal\"  align=\"left\"  heading_sep=\"yes\"  tag=\"h2\"  h2=\"O FONDU SOLIDARNOSTI\"  txt_align=\"left\"  i_css_animation=\"\" css_animation=\"\"][\/vc_cta]<div class=\"heading-seperator\"><\/div><\/div> <!-- .tm-element-heading-wrapper container --> [vc_column_text css=&#8221;.vc_custom_1687174152331{margin-bottom: 15px !important;}&#8221;]\u010clankom 13. Zakona o zdravstvenom osiguranju, obrazovan je Fond solidarnosti Federacije Bosne i Hercegovine (u daljem tekstu federalni fond solidarnosti) u cilju ostvarivanja jednakih uvjeta za sprovo\u0111enje obveznog zdravstvenog osiguranja u svim kantonima\/\u017eupanijama, za odre\u0111ene prioritetne vertikalne programe zdravstvene za\u0161tite od interesa za Federaciju, i za pru\u017eanje prioritetnih najslo\u017eenijih oblika zdravstvene za\u0161tite iz odre\u0111enih specijalisti\u010dkih djelatnosti.<\/p>\n<p>Time je osigurano financiranje lije\u010denja najte\u017eih oboljenja za sve osigurane osobe u Federaciji BiH pod istim uvijetima, bez obzira na \u017eupanijsku pripadnost pacijenata i financijsku mo\u0107 kantonalnih\/\u017eupanijkih zavoda zdravstvenog osiguranja.<\/p>\n<p>Sredstva federalnog fonda solidarnosti se osiguravaju iz doprinosa za obavezno zdravstveno osiguranje i dijelom iz sredstava Prora\u010duna Federacije BiH putem transfera Federalnog ministarstva zdravstva.<\/p>\n<p>Federalni fond solidarnosti je po\u010deo sa radom 01.07.2002. godine.[\/vc_column_text][\/vc_column][vc_column width=&#8221;1\/3&#8221;][vc_single_image image=&#8221;4170&#8221; img_size=&#8221;full&#8221; alignment=&#8221;center&#8221; css=&#8221;.vc_custom_1655721834940{margin-bottom: 0px !important;}&#8221;][\/vc_column][\/vc_row][vc_row css=&#8221;.vc_custom_1655723056615{padding-top: 35px !important;padding-bottom: 0px !important;}&#8221;][vc_column][vc_column_text]Iz sredstava Fonda solidarnosti\u00a0financiraju se:<\/p>\n<ul>\n<li>Usluge Fonda solidarnosti definirane u Listi usluga fonda solidarnosti.<\/li>\n<li>Lijekovi fonda solidarnosti navedeni u Odluci o listi lijekova Fonda solidarnosti i Naputku o primjeni Odluke o listi lijekova<\/li>\n<li>Lije\u010denje povratnika u Republiku Srpsku<\/li>\n<li>Lije\u010denja u inozemstvu sukladno Pravilniku o lije\u010denju u inozemstvu<\/li>\n<\/ul>\n<p>[\/vc_column_text][\/vc_column][\/vc_row][vc_row css=&#8221;.vc_custom_1655882313583{padding-top: 0px !important;padding-bottom: 60px !important;}&#8221;][vc_column][vc_column_text css=&#8221;.vc_custom_1655723070968{padding-top: 35px !important;padding-bottom: 25px !important;}&#8221;]Odlu\u010divanje o davanju suglasnosti za lije\u010denje na teret sredstava Fonda solidarnosti je u nadle\u017enosti kantonalnih\/\u017eupanijskih povjerenstava koje se nalaze u svim kantonima\/\u017eupanijama. Za jedan broj oboljenja osnovane su Stru\u010dna lje\u010dni\u010dka povjerenstva za specifi\u010dna oboljenja sa posebnim re\u017eimom izdavanja suglasnosti \u010diji je sastav temeljen prema vrsti oboljenja. \u010clanovi povjerenstava su vode\u0107i stru\u010dnjaci u svojoj oblasti i dolaze iz svih ustanova Federacije Bosne i Hercegovine.[\/vc_column_text]<div class=\"tm-element-heading-wrapper tm-heading-inner tm-element-align-left tm-heading-with-separator \">[vc_cta text=\"POVJERENSTVA FONDA SOLIDARNOSTI\"  h2_google_fonts=\"font_family:Arimo%3Aregular%2Citalic%2C700%2C700italic|font_style:700%20bold%20regular%3A700%3Anormal\"  h4_google_fonts=\"font_family:Lato%3A100%2C100italic%2C300%2C300italic%2Cregular%2Citalic%2C700%2C700italic%2C900%2C900italic|font_style:300%20light%20regular%3A300%3Anormal\"  align=\"left\"  heading_sep=\"yes\"  tag=\"h2\"  h2=\"POVJERENSTVA FONDA SOLIDARNOSTI\"  txt_align=\"left\"  i_css_animation=\"\" css_animation=\"\"][\/vc_cta]<div class=\"heading-seperator\"><\/div><\/div> <!-- .tm-element-heading-wrapper container --> [vc_row_inner][vc_column_inner width=&#8221;1\/3&#8221;][vc_column_text]<\/p>\n<h3>Kantonalna povjerenstva \u00a0 \u00a0 \u00a0 \u00a0 \u00a0 \u00a0 <strong>\u00a0<\/strong><\/h3>\n<ul>\n<li>Posavski kanton<\/li>\n<li>Tuzlanski kanton<\/li>\n<li>Zeni\u010dko-dobojski kanton<\/li>\n<li>Bosansko-podrinjski kanton<\/li>\n<li>Srednjo-bosanski kanton<\/li>\n<li>Hercegova\u010dko &#8211; neretvanski kanton<\/li>\n<li>Zapadno-hercegova\u010dki kanton<\/li>\n<li>Kanton 10<\/li>\n<li>Unsko-sanski kanton<\/li>\n<li>Kanton Sarajevo<\/li>\n<\/ul>\n<p>[\/vc_column_text][\/vc_column_inner][vc_column_inner width=&#8221;2\/3&#8221;][vc_column_text]<\/p>\n<h3>Povjerenstva za lije\u010denje po posebnom re\u017eimu propisivanja<\/h3>\n<ul>\n<li>Povjerenstvo za lije\u010denje oboljelih od multiple skleroze<\/li>\n<li>Povjerenstvo za lije\u010denje imunosupresivima<\/li>\n<li>Povjerenstvo za ugradnju kohlearnog implantata kod djece<\/li>\n<li>Povjerenstvo za uvo\u0111enje osiguranika u pravo kori\u0161tenja citostatika sa posebnim re\u017eimom propisivanja za lije\u010denje oboljelih od karcinoma dojke i karcinoma plu\u0107a,<\/li>\n<li>Povjerenstvo za uvo\u0111enje osiguranika u pravo kori\u0161tenja citostatika sa posebnim re\u017eimom propisivanja za ostala onkolo\u0161ka oboljenja,<\/li>\n<li>Povjerenstvo za uvo\u0111enje osiguranika u pravo kori\u0161tenja lijeka aflibercept u tretmanu dijabeti\u010dkog makularnog edema,<\/li>\n<li>Povjerenstvo za uvo\u0111enje osiguranika u pravo kori\u0161tenja lijekova za lije\u010denje metastatskog melanoma,<\/li>\n<li>Hematolo\u0161ko povjerenstvo<\/li>\n<li>Povjerenstvo za lije\u010denje oboljelih od Chronove bolesti i Hepatitisa B i C<\/li>\n<\/ul>\n<p>[\/vc_column_text][\/vc_column_inner][\/vc_row_inner][vc_row_inner][vc_column_inner][vc_column_text]<\/p>\n<h3>Povjerenstva za upu\u0107ivanje osiguranih osoba za lije\u010denje u inozemstvo:<\/h3>\n<ul>\n<li>Povjerenstvo za uro\u0111ene sr\u010dane mane kod djece koje se mogu lije\u010diti operativnim putem;<\/li>\n<li>Povjerenstvo za oboljenja iz dje\u010dije onkologije;<\/li>\n<li>Povjerenstvo za neurokirur\u0161ka oboljenja djece i odraslih koja se mogu uspje\u0161no\u00a0lije\u010diti neurokiru\u0161kom operacijom gama no\u017eem;<\/li>\n<li>Povjerenstvo za embolizaciju, stentiranje i koilovanje krvnih \u017eila;<\/li>\n<li>Povjerenstvo za novotvorine oka djece i odraslih;<\/li>\n<li>Povjerenstvo za ekstenzivne opekotine preko 60 %;<\/li>\n<li>Povjerenstvo za oboljenja jetre, pankreasa, srca za djecu i odrasle;<\/li>\n<li>Povjerenstvo za oboljenja ro\u017enice kod djece i odraslih koja se mogu uspje\u0161no lije\u010diti transplantiranjem;<\/li>\n<li>Povjerenstvo za oboljenja jetre, bubrega, pankreasa, srca, ro\u017enice kod djece i odraslih koja se mogu uspje\u0161no lije\u010diti transplantiranjem;<\/li>\n<li>Povjerenstvo za oboljenja kod odraslih koja zahtijevaju transplantiranje ko\u0161tane sr\u017ei;<\/li>\n<li>Povjerenstvo za elektrofiziolo\u0161ka ispitivanja kompleksnih aritmija sa eventualnom radiofrekventnom ablacijom;<\/li>\n<li>Povjerenstvo za oboljenja kod djece izuzetno rijetkih patologija, odnosno oboljenja sa niskom incidencom (jedan od milion stanovnika), ukoliko se radi o jedinoj bolesti, odnosno ukoliko bi lije\u010denje u inozemstvu dovelo do potpunog izlje\u010denja;<\/li>\n<li>Povjerenstvo za rje\u0161avanje po \u017ealbama na rje\u0161enja o upu\u0107ivanju osiguranih osoba na lije\u010denje u inozemstvo<\/li>\n<\/ul>\n<p>[\/vc_column_text][\/vc_column_inner][\/vc_row_inner][\/vc_column][\/vc_row][vc_row css=&#8221;.vc_custom_1655882294409{padding-top: 0px !important;}&#8221;][vc_column][\/vc_column][\/vc_row]<\/p>\n","protected":false},"excerpt":{"rendered":"<p>[vc_row content_placement=&#8221;bottom&#8221; css=&#8221;.vc_custom_1655722234642{padding-bottom: 0px !important;}&#8221;][vc_column width=&#8221;2\/3&#8221;][vc_column_text css=&#8221;.vc_custom_1687174152331{margin-bottom: 15px !important;}&#8221;]\u010clankom 13. Zakona o zdravstvenom osiguranju, obrazovan je Fond solidarnosti Federacije Bosne i Hercegovine (u daljem tekstu federalni fond solidarnosti) u cilju ostvarivanja jednakih uvjeta za sprovo\u0111enje obveznog zdravstvenog osiguranja u svim kantonima\/\u017eupanijama, za odre\u0111ene prioritetne vertikalne programe zdravstvene za\u0161tite od interesa za Federaciju, i za pru\u017eanje [&hellip;]<\/p>\n","protected":false},"author":1,"featured_media":0,"parent":0,"menu_order":0,"comment_status":"closed","ping_status":"closed","template":"","meta":{"footnotes":""},"class_list":["post-4655","page","type-page","status-publish","hentry"],"_links":{"self":[{"href":"https:\/\/zzofbih.ba\/bs\/wp-json\/wp\/v2\/pages\/4655","targetHints":{"allow":["GET"]}}],"collection":[{"href":"https:\/\/zzofbih.ba\/bs\/wp-json\/wp\/v2\/pages"}],"about":[{"href":"https:\/\/zzofbih.ba\/bs\/wp-json\/wp\/v2\/types\/page"}],"author":[{"embeddable":true,"href":"https:\/\/zzofbih.ba\/bs\/wp-json\/wp\/v2\/users\/1"}],"replies":[{"embeddable":true,"href":"https:\/\/zzofbih.ba\/bs\/wp-json\/wp\/v2\/comments?post=4655"}],"version-history":[{"count":10,"href":"https:\/\/zzofbih.ba\/bs\/wp-json\/wp\/v2\/pages\/4655\/revisions"}],"predecessor-version":[{"id":6019,"href":"https:\/\/zzofbih.ba\/bs\/wp-json\/wp\/v2\/pages\/4655\/revisions\/6019"}],"wp:attachment":[{"href":"https:\/\/zzofbih.ba\/bs\/wp-json\/wp\/v2\/media?parent=4655"}],"curies":[{"name":"wp","href":"https:\/\/api.w.org\/{rel}","templated":true}]}}