{"id":4648,"date":"2022-06-14T11:29:51","date_gmt":"2022-06-14T09:29:51","guid":{"rendered":"https:\/\/zzofbih.ba\/aktualnosti\/"},"modified":"2022-07-01T09:11:36","modified_gmt":"2022-07-01T07:11:36","slug":"aktuelnosti","status":"publish","type":"page","link":"https:\/\/zzofbih.ba\/bs\/aktuelnosti\/","title":{"rendered":"Aktu\u0435lnosti"},"content":{"rendered":"<p>[vc_row][vc_column]<div class=\"row thememount-blog-boxes-wrapper thememount-blog-view-default thememount-effect-default thememount-items-col-two   thememount-with-pagination \" id=\"thememount-blog-id-40347127\" ><div class=\"thememount-blog-text col-xs-12 col-sm-12 col-md-12 col-lg-12\"><\/div><div class=\"thememount-blog-boxes col-xs-12 col-sm-12 col-md-12 col-lg-12\"><div class=\"thememount-blog-boxes-inner row multi-columns-row thememount-items-wrapper \">\n\t\t<article class=\"tm-post-box tm-box col-lg-6 col-sm-6 col-md-6 col-xs-12 thememount-blogbox-format-image aktuelnost-bs novosti\">\n\t\t\t<div class=\"post-item\">\n\t\t\t\t<div class=\"post-item-thumbnail\">\n\t\t\t\t\t<div class=\"post-item-thumbnail-inner\">\n\t\t\t\t\t\t<div class=\"thememount-blog-media entry-thumbnail\"><img loading=\"lazy\" decoding=\"async\" width=\"421\" height=\"120\" src=\"https:\/\/zzofbih.ba\/wp-content\/uploads\/2026\/02\/Lijekovi6-1.jpg\" class=\"attachment-blog-two-column size-blog-two-column wp-post-image\" alt=\"\" srcset=\"https:\/\/zzofbih.ba\/wp-content\/uploads\/2026\/02\/Lijekovi6-1.jpg 421w, https:\/\/zzofbih.ba\/wp-content\/uploads\/2026\/02\/Lijekovi6-1-300x86.jpg 300w\" sizes=\"auto, (max-width: 421px) 100vw, 421px\" \/><a href=\"https:\/\/zzofbih.ba\/bs\/privremeni-trajni-prekid-u-prometu-lijekova-stanje-sa-datumom-17-04-2026\/\"><span class=\"overthumb\"><i class=\"tm-social-icon-plus\"><\/i><\/span><\/a><\/div>\n\t\t\t\t\t\t<a href=\"https:\/\/zzofbih.ba\/bs\/privremeni-trajni-prekid-u-prometu-lijekova-stanje-sa-datumom-17-04-2026\/\"><span class=\"overthumb\"><i class=\"tm-social-icon-plus\"><\/i><\/span><\/a>\n\t\t\t\t\t<\/div>\n\t\t\t\t\t\n\t\t\t\t<\/div>\n\t\t\t\t<div class=\"tm-item-content\">\n\t\t\t\t\t<h4><a href=\"https:\/\/zzofbih.ba\/bs\/privremeni-trajni-prekid-u-prometu-lijekova-stanje-sa-datumom-17-04-2026\/\">Privremeni\/trajni prekid u prometu lijekova \u2013 Stanje sa datumom: 17.04.2026<\/a><\/h4>\t\t\t\n\t\t\t\t\t<div class=\"tm-blogbox-footer-meta\">\n\t\t\t\t\t\t<div class=\"tm-blogbox-date\"><i class=\"demo-icon tm-social-icon-calendar\"><\/i> 17\/04\/2026<\/div>\n\t\t\t\t\t\t<div class=\"tm-blogbox-comment\"><i class=\"demo-icon tm-social-icon-comment-1\"><\/i> <\/div>\n\t\t\t\t\t<\/div>\t\n\t\t\t\t\t<div class=\"thememount-blogbox-desc\">\n\t\t\t\t\t\tAgencija za lijekove ZABILJESKA 17.04.2026...<div class=\"thememount-post-readmore\"><a href=\"https:\/\/zzofbih.ba\/bs\/privremeni-trajni-prekid-u-prometu-lijekova-stanje-sa-datumom-17-04-2026\/\" class=\"more-link tm-post-read-more-link\">Pro\u010ditaj vi\u0161e<i class=\"tm-social-icon-angle-double-right\"><\/i><\/a><\/div>\n\t\t\t\t\t<\/div>\n\t\t\t\t<\/div>\n\t\t\t<\/div>\n\t\t<\/article>\n\t\n\t\t<article class=\"tm-post-box tm-box col-lg-6 col-sm-6 col-md-6 col-xs-12 thememount-blogbox-format-image aktuelnost-bs novosti\">\n\t\t\t<div class=\"post-item\">\n\t\t\t\t<div class=\"post-item-thumbnail\">\n\t\t\t\t\t<div class=\"post-item-thumbnail-inner\">\n\t\t\t\t\t\t<div class=\"thememount-blog-media entry-thumbnail\"><img loading=\"lazy\" decoding=\"async\" width=\"275\" height=\"184\" src=\"https:\/\/zzofbih.ba\/wp-content\/uploads\/2026\/02\/Lijekovi7-1.jpg\" class=\"attachment-blog-two-column size-blog-two-column wp-post-image\" alt=\"\" \/><a href=\"https:\/\/zzofbih.ba\/bs\/privremeni-trajni-prekid-u-prometu-lijekova-stanje-sa-datumom-19-03-2026\/\"><span class=\"overthumb\"><i class=\"tm-social-icon-plus\"><\/i><\/span><\/a><\/div>\n\t\t\t\t\t\t<a href=\"https:\/\/zzofbih.ba\/bs\/privremeni-trajni-prekid-u-prometu-lijekova-stanje-sa-datumom-19-03-2026\/\"><span class=\"overthumb\"><i class=\"tm-social-icon-plus\"><\/i><\/span><\/a>\n\t\t\t\t\t<\/div>\n\t\t\t\t\t\n\t\t\t\t<\/div>\n\t\t\t\t<div class=\"tm-item-content\">\n\t\t\t\t\t<h4><a href=\"https:\/\/zzofbih.ba\/bs\/privremeni-trajni-prekid-u-prometu-lijekova-stanje-sa-datumom-19-03-2026\/\">Privremeni\/trajni prekid u prometu lijekova \u2013 Stanje sa datumom: 19.03.2026,<\/a><\/h4>\t\t\t\n\t\t\t\t\t<div class=\"tm-blogbox-footer-meta\">\n\t\t\t\t\t\t<div class=\"tm-blogbox-date\"><i class=\"demo-icon tm-social-icon-calendar\"><\/i> 10\/04\/2026<\/div>\n\t\t\t\t\t\t<div class=\"tm-blogbox-comment\"><i class=\"demo-icon tm-social-icon-comment-1\"><\/i> <\/div>\n\t\t\t\t\t<\/div>\t\n\t\t\t\t\t<div class=\"thememount-blogbox-desc\">\n\t\t\t\t\t\tAgencija za lijekove zabiljeska, 10.04.2026...<div class=\"thememount-post-readmore\"><a href=\"https:\/\/zzofbih.ba\/bs\/privremeni-trajni-prekid-u-prometu-lijekova-stanje-sa-datumom-19-03-2026\/\" class=\"more-link tm-post-read-more-link\">Pro\u010ditaj vi\u0161e<i class=\"tm-social-icon-angle-double-right\"><\/i><\/a><\/div>\n\t\t\t\t\t<\/div>\n\t\t\t\t<\/div>\n\t\t\t<\/div>\n\t\t<\/article>\n\t\n\t\t<article class=\"tm-post-box tm-box col-lg-6 col-sm-6 col-md-6 col-xs-12 thememount-blogbox-format-link aktuelnost-bs novosti\">\n\t\t\t<div class=\"post-item\">\n\t\t\t\t<div class=\"post-item-thumbnail\">\n\t\t\t\t\t<div class=\"post-item-thumbnail-inner\">\n\t\t\t\t\t\t<div class=\"thememount-blog-media entry-thumbnail\"><img loading=\"lazy\" decoding=\"async\" width=\"275\" height=\"183\" src=\"https:\/\/zzofbih.ba\/wp-content\/uploads\/2026\/02\/Lijekovi8.jpg\" class=\"attachment-blog-two-column size-blog-two-column wp-post-image\" alt=\"\" \/><\/div>\n\t\t\t\t\t\t\n\t\t\t\t\t<\/div>\n\t\t\t\t\t\n\t\t\t\t<\/div>\n\t\t\t\t<div class=\"tm-item-content\">\n\t\t\t\t\t<h4><a href=\"https:\/\/zzofbih.ba\/bs\/https-zzofbih-ba-wp-content-uploads-2026-03-agencija-za-lijekove-zabiljeska19-03-2026-i-27-03-2026-pdf\/\">Privremeni\/trajni prekid u prometu lijekova \u2013 Stanje sa datumom: 19.03.2026, 27.03.2026 i 01.04.2026<\/a><\/h4>\t\t\t\n\t\t\t\t\t<div class=\"tm-blogbox-footer-meta\">\n\t\t\t\t\t\t<div class=\"tm-blogbox-date\"><i class=\"demo-icon tm-social-icon-calendar\"><\/i> 19\/03\/2026<\/div>\n\t\t\t\t\t\t<div class=\"tm-blogbox-comment\"><i class=\"demo-icon tm-social-icon-comment-1\"><\/i> <\/div>\n\t\t\t\t\t<\/div>\t\n\t\t\t\t\t<div class=\"thememount-blogbox-desc\">\n\t\t\t\t\t\tAgencija za lijekove zabiljeska,19.03.2026, 27.03.2026 i 01.04.2026...<div class=\"thememount-post-readmore\"><a href=\"https:\/\/zzofbih.ba\/bs\/https-zzofbih-ba-wp-content-uploads-2026-03-agencija-za-lijekove-zabiljeska19-03-2026-i-27-03-2026-pdf\/\" class=\"more-link tm-post-read-more-link\">Pro\u010ditaj vi\u0161e<i class=\"tm-social-icon-angle-double-right\"><\/i><\/a><\/div>\n\t\t\t\t\t<\/div>\n\t\t\t\t<\/div>\n\t\t\t<\/div>\n\t\t<\/article>\n\t\n\t\t<article class=\"tm-post-box tm-box col-lg-6 col-sm-6 col-md-6 col-xs-12 thememount-blogbox-format-link aktuelnost-bs novosti\">\n\t\t\t<div class=\"post-item\">\n\t\t\t\t<div class=\"post-item-thumbnail\">\n\t\t\t\t\t<div class=\"post-item-thumbnail-inner\">\n\t\t\t\t\t\t<div class=\"thememount-blog-media entry-thumbnail\"><img loading=\"lazy\" decoding=\"async\" width=\"275\" height=\"183\" src=\"https:\/\/zzofbih.ba\/wp-content\/uploads\/2026\/02\/Lijekovi4.jpg\" class=\"attachment-blog-two-column size-blog-two-column wp-post-image\" alt=\"\" \/><\/div>\n\t\t\t\t\t\t\n\t\t\t\t\t<\/div>\n\t\t\t\t\t\n\t\t\t\t<\/div>\n\t\t\t\t<div class=\"tm-item-content\">\n\t\t\t\t\t<h4><a href=\"https:\/\/zzofbih.ba\/bs\/privremeni-trajni-prekid-u-prometu-lijekova-stanje-sa-datumom-27-02-2026\/\">Privremeni\/trajni prekid u prometu lijekova \u2013 Stanje sa datumom: 27.02.2026, 06.03.2026 i 13.03.2026<\/a><\/h4>\t\t\t\n\t\t\t\t\t<div class=\"tm-blogbox-footer-meta\">\n\t\t\t\t\t\t<div class=\"tm-blogbox-date\"><i class=\"demo-icon tm-social-icon-calendar\"><\/i> 27\/02\/2026<\/div>\n\t\t\t\t\t\t<div class=\"tm-blogbox-comment\"><i class=\"demo-icon tm-social-icon-comment-1\"><\/i> <\/div>\n\t\t\t\t\t<\/div>\t\n\t\t\t\t\t<div class=\"thememount-blogbox-desc\">\n\t\t\t\t\t\tAgencija za lijekove ZABILJESKA 27.02., 06.03. i 13.03 2026 godine...<div class=\"thememount-post-readmore\"><a href=\"https:\/\/zzofbih.ba\/bs\/privremeni-trajni-prekid-u-prometu-lijekova-stanje-sa-datumom-27-02-2026\/\" class=\"more-link tm-post-read-more-link\">Pro\u010ditaj vi\u0161e<i class=\"tm-social-icon-angle-double-right\"><\/i><\/a><\/div>\n\t\t\t\t\t<\/div>\n\t\t\t\t<\/div>\n\t\t\t<\/div>\n\t\t<\/article>\n\t\n\t\t<article class=\"tm-post-box tm-box col-lg-6 col-sm-6 col-md-6 col-xs-12 thememount-blogbox-format-image aktuelnost-bs novosti\">\n\t\t\t<div class=\"post-item\">\n\t\t\t\t<div class=\"post-item-thumbnail\">\n\t\t\t\t\t<div class=\"post-item-thumbnail-inner\">\n\t\t\t\t\t\t<div class=\"thememount-blog-media entry-thumbnail\"><img loading=\"lazy\" decoding=\"async\" width=\"365\" height=\"138\" src=\"https:\/\/zzofbih.ba\/wp-content\/uploads\/2026\/02\/Lijekovi2-1.jpg\" class=\"attachment-blog-two-column size-blog-two-column wp-post-image\" alt=\"\" srcset=\"https:\/\/zzofbih.ba\/wp-content\/uploads\/2026\/02\/Lijekovi2-1.jpg 365w, https:\/\/zzofbih.ba\/wp-content\/uploads\/2026\/02\/Lijekovi2-1-300x113.jpg 300w\" sizes=\"auto, (max-width: 365px) 100vw, 365px\" \/><a href=\"https:\/\/zzofbih.ba\/bs\/saopstenje-za-medije\/\"><span class=\"overthumb\"><i class=\"tm-social-icon-plus\"><\/i><\/span><\/a><\/div>\n\t\t\t\t\t\t<a href=\"https:\/\/zzofbih.ba\/bs\/saopstenje-za-medije\/\"><span class=\"overthumb\"><i class=\"tm-social-icon-plus\"><\/i><\/span><\/a>\n\t\t\t\t\t<\/div>\n\t\t\t\t\t\n\t\t\t\t<\/div>\n\t\t\t\t<div class=\"tm-item-content\">\n\t\t\t\t\t<h4><a href=\"https:\/\/zzofbih.ba\/bs\/saopstenje-za-medije\/\">SAOP\u0160TENJE ZA MEDIJE<\/a><\/h4>\t\t\t\n\t\t\t\t\t<div class=\"tm-blogbox-footer-meta\">\n\t\t\t\t\t\t<div class=\"tm-blogbox-date\"><i class=\"demo-icon tm-social-icon-calendar\"><\/i> 27\/02\/2026<\/div>\n\t\t\t\t\t\t<div class=\"tm-blogbox-comment\"><i class=\"demo-icon tm-social-icon-comment-1\"><\/i> <\/div>\n\t\t\t\t\t<\/div>\t\n\t\t\t\t\t<div class=\"thememount-blogbox-desc\">\n\t\t\t\t\t\tDeseci milijuna KM za lije\u010denje rijetkih i te\u0161kih bolesti Zavod zdravstvenog osiguranja Federacije Bosne i Hercegovine putem Fonda solidarnosti kontinuirano osigurava zna\u010dajna financijska sredstva...<div class=\"thememount-post-readmore\"><a href=\"https:\/\/zzofbih.ba\/bs\/saopstenje-za-medije\/\" class=\"more-link tm-post-read-more-link\">Pro\u010ditaj vi\u0161e<i class=\"tm-social-icon-angle-double-right\"><\/i><\/a><\/div>\n\t\t\t\t\t<\/div>\n\t\t\t\t<\/div>\n\t\t\t<\/div>\n\t\t<\/article>\n\t\n\t\t<article class=\"tm-post-box tm-box col-lg-6 col-sm-6 col-md-6 col-xs-12 thememount-blogbox-format-image aktuelnost-bs novosti\">\n\t\t\t<div class=\"post-item\">\n\t\t\t\t<div class=\"post-item-thumbnail\">\n\t\t\t\t\t<div class=\"post-item-thumbnail-inner\">\n\t\t\t\t\t\t<div class=\"thememount-blog-media entry-thumbnail\"><img loading=\"lazy\" decoding=\"async\" width=\"569\" height=\"379\" src=\"https:\/\/zzofbih.ba\/wp-content\/uploads\/2025\/11\/Lijekovi1.jpg\" class=\"attachment-blog-two-column size-blog-two-column wp-post-image\" alt=\"\" srcset=\"https:\/\/zzofbih.ba\/wp-content\/uploads\/2025\/11\/Lijekovi1.jpg 569w, https:\/\/zzofbih.ba\/wp-content\/uploads\/2025\/11\/Lijekovi1-300x200.jpg 300w\" sizes=\"auto, (max-width: 569px) 100vw, 569px\" \/><a href=\"https:\/\/zzofbih.ba\/bs\/privremeni-trajni-prekid-u-prometu-lijekova-stanje-sa-datumom-19-02-2026\/\"><span class=\"overthumb\"><i class=\"tm-social-icon-plus\"><\/i><\/span><\/a><\/div>\n\t\t\t\t\t\t<a href=\"https:\/\/zzofbih.ba\/bs\/privremeni-trajni-prekid-u-prometu-lijekova-stanje-sa-datumom-19-02-2026\/\"><span class=\"overthumb\"><i class=\"tm-social-icon-plus\"><\/i><\/span><\/a>\n\t\t\t\t\t<\/div>\n\t\t\t\t\t\n\t\t\t\t<\/div>\n\t\t\t\t<div class=\"tm-item-content\">\n\t\t\t\t\t<h4><a href=\"https:\/\/zzofbih.ba\/bs\/privremeni-trajni-prekid-u-prometu-lijekova-stanje-sa-datumom-19-02-2026\/\">Privremeni\/trajni prekid u prometu lijekova \u2013 Stanje sa datumom: 19.02.2026<\/a><\/h4>\t\t\t\n\t\t\t\t\t<div class=\"tm-blogbox-footer-meta\">\n\t\t\t\t\t\t<div class=\"tm-blogbox-date\"><i class=\"demo-icon tm-social-icon-calendar\"><\/i> 19\/02\/2026<\/div>\n\t\t\t\t\t\t<div class=\"tm-blogbox-comment\"><i class=\"demo-icon tm-social-icon-comment-1\"><\/i> <\/div>\n\t\t\t\t\t<\/div>\t\n\t\t\t\t\t<div class=\"thememount-blogbox-desc\">\n\t\t\t\t\t\tAgencija za lijekove ZABILJESKA 2 mjesec 19 2026 godine...<div class=\"thememount-post-readmore\"><a href=\"https:\/\/zzofbih.ba\/bs\/privremeni-trajni-prekid-u-prometu-lijekova-stanje-sa-datumom-19-02-2026\/\" class=\"more-link tm-post-read-more-link\">Pro\u010ditaj vi\u0161e<i class=\"tm-social-icon-angle-double-right\"><\/i><\/a><\/div>\n\t\t\t\t\t<\/div>\n\t\t\t\t<\/div>\n\t\t\t<\/div>\n\t\t<\/article>\n\t\n\t\t<article class=\"tm-post-box tm-box col-lg-6 col-sm-6 col-md-6 col-xs-12 thememount-blogbox-format-standard aktuelnost-bs novosti\">\n\t\t\t<div class=\"post-item\">\n\t\t\t\t<div class=\"post-item-thumbnail\">\n\t\t\t\t\t<div class=\"post-item-thumbnail-inner\">\n\t\t\t\t\t\t<div class=\"thememount-blog-media entry-thumbnail\"><img loading=\"lazy\" decoding=\"async\" width=\"280\" height=\"280\" src=\"https:\/\/zzofbih.ba\/wp-content\/uploads\/2022\/07\/loader.gif\" class=\"attachment-blog-two-column size-blog-two-column wp-post-image\" alt=\"\" \/><a href=\"https:\/\/zzofbih.ba\/bs\/saopcenje-za-medije-30-01-2026\/\"><span class=\"overthumb\"><i class=\"tm-social-icon-plus\"><\/i><\/span><\/a><\/div>\n\t\t\t\t\t\t<a href=\"https:\/\/zzofbih.ba\/bs\/saopcenje-za-medije-30-01-2026\/\"><span class=\"overthumb\"><i class=\"tm-social-icon-plus\"><\/i><\/span><\/a>\n\t\t\t\t\t<\/div>\n\t\t\t\t\t\n\t\t\t\t<\/div>\n\t\t\t\t<div class=\"tm-item-content\">\n\t\t\t\t\t<h4><a href=\"https:\/\/zzofbih.ba\/bs\/saopcenje-za-medije-30-01-2026\/\">SAOP\u0106ENJE ZA MEDIJE &#8211; 30.01.2026.<\/a><\/h4>\t\t\t\n\t\t\t\t\t<div class=\"tm-blogbox-footer-meta\">\n\t\t\t\t\t\t<div class=\"tm-blogbox-date\"><i class=\"demo-icon tm-social-icon-calendar\"><\/i> 30\/01\/2026<\/div>\n\t\t\t\t\t\t<div class=\"tm-blogbox-comment\"><i class=\"demo-icon tm-social-icon-comment-1\"><\/i> <\/div>\n\t\t\t\t\t<\/div>\t\n\t\t\t\t\t<div class=\"thememount-blogbox-desc\">\n\t\t\t\t\t\tOdluke o sufinanciranju pru\u017eenih zdravstvenih usluga i nabave lijekova za 2026. godinu. &nbsp; Nakon \u0161to je Financijski plan Zavoda zdravstvenog osiguranja i reosiguranja Federacije Bosne i Herc...<div class=\"thememount-post-readmore\"><a href=\"https:\/\/zzofbih.ba\/bs\/saopcenje-za-medije-30-01-2026\/\" class=\"more-link tm-post-read-more-link\">Pro\u010ditaj vi\u0161e<i class=\"tm-social-icon-angle-double-right\"><\/i><\/a><\/div>\n\t\t\t\t\t<\/div>\n\t\t\t\t<\/div>\n\t\t\t<\/div>\n\t\t<\/article>\n\t\n\t\t<article class=\"tm-post-box tm-box col-lg-6 col-sm-6 col-md-6 col-xs-12 thememount-blogbox-format-image aktuelnost-bs novosti\">\n\t\t\t<div class=\"post-item\">\n\t\t\t\t<div class=\"post-item-thumbnail\">\n\t\t\t\t\t<div class=\"post-item-thumbnail-inner\">\n\t\t\t\t\t\t<div class=\"thememount-blog-media entry-thumbnail\"><img loading=\"lazy\" decoding=\"async\" width=\"515\" height=\"334\" src=\"https:\/\/zzofbih.ba\/wp-content\/uploads\/2022\/06\/istockphoto-970046672-170667a.jpg\" class=\"attachment-blog-two-column size-blog-two-column wp-post-image\" alt=\"\" srcset=\"https:\/\/zzofbih.ba\/wp-content\/uploads\/2022\/06\/istockphoto-970046672-170667a.jpg 515w, https:\/\/zzofbih.ba\/wp-content\/uploads\/2022\/06\/istockphoto-970046672-170667a-300x195.jpg 300w\" sizes=\"auto, (max-width: 515px) 100vw, 515px\" \/><a href=\"https:\/\/zzofbih.ba\/bs\/privremeni-trajni-prekid-u-prometu-lijekova-stanje-sa-datumom-23-01-2026\/\"><span class=\"overthumb\"><i class=\"tm-social-icon-plus\"><\/i><\/span><\/a><\/div>\n\t\t\t\t\t\t<a href=\"https:\/\/zzofbih.ba\/bs\/privremeni-trajni-prekid-u-prometu-lijekova-stanje-sa-datumom-23-01-2026\/\"><span class=\"overthumb\"><i class=\"tm-social-icon-plus\"><\/i><\/span><\/a>\n\t\t\t\t\t<\/div>\n\t\t\t\t\t\n\t\t\t\t<\/div>\n\t\t\t\t<div class=\"tm-item-content\">\n\t\t\t\t\t<h4><a href=\"https:\/\/zzofbih.ba\/bs\/privremeni-trajni-prekid-u-prometu-lijekova-stanje-sa-datumom-23-01-2026\/\">Privremeni\/trajni prekid u prometu lijekova \u2013 Stanje sa datumom: 23.01.2026, 30.01.2026 i 13.02.2026<\/a><\/h4>\t\t\t\n\t\t\t\t\t<div class=\"tm-blogbox-footer-meta\">\n\t\t\t\t\t\t<div class=\"tm-blogbox-date\"><i class=\"demo-icon tm-social-icon-calendar\"><\/i> 23\/01\/2026<\/div>\n\t\t\t\t\t\t<div class=\"tm-blogbox-comment\"><i class=\"demo-icon tm-social-icon-comment-1\"><\/i> <\/div>\n\t\t\t\t\t<\/div>\t\n\t\t\t\t\t<div class=\"thememount-blogbox-desc\">\n\t\t\t\t\t\tAgencija za lijekove ZABILJESKA 1 mjesec 23 2026 godine...<div class=\"thememount-post-readmore\"><a href=\"https:\/\/zzofbih.ba\/bs\/privremeni-trajni-prekid-u-prometu-lijekova-stanje-sa-datumom-23-01-2026\/\" class=\"more-link tm-post-read-more-link\">Pro\u010ditaj vi\u0161e<i class=\"tm-social-icon-angle-double-right\"><\/i><\/a><\/div>\n\t\t\t\t\t<\/div>\n\t\t\t\t<\/div>\n\t\t\t<\/div>\n\t\t<\/article>\n\t\n\t\t<article class=\"tm-post-box tm-box col-lg-6 col-sm-6 col-md-6 col-xs-12 thememount-blogbox-format-image aktuelnost-bs arhiva-bs\">\n\t\t\t<div class=\"post-item\">\n\t\t\t\t<div class=\"post-item-thumbnail\">\n\t\t\t\t\t<div class=\"post-item-thumbnail-inner\">\n\t\t\t\t\t\t<div class=\"thememount-blog-media entry-thumbnail\"><img loading=\"lazy\" decoding=\"async\" width=\"275\" height=\"184\" src=\"https:\/\/zzofbih.ba\/wp-content\/uploads\/2026\/02\/Lijekovi7-1.jpg\" class=\"attachment-blog-two-column size-blog-two-column wp-post-image\" alt=\"\" \/><a href=\"https:\/\/zzofbih.ba\/bs\/privremeni-trajni-prekid-u-prometu-lijekova-stanje-sa-datumom-08-01-2026\/\"><span class=\"overthumb\"><i class=\"tm-social-icon-plus\"><\/i><\/span><\/a><\/div>\n\t\t\t\t\t\t<a href=\"https:\/\/zzofbih.ba\/bs\/privremeni-trajni-prekid-u-prometu-lijekova-stanje-sa-datumom-08-01-2026\/\"><span class=\"overthumb\"><i class=\"tm-social-icon-plus\"><\/i><\/span><\/a>\n\t\t\t\t\t<\/div>\n\t\t\t\t\t\n\t\t\t\t<\/div>\n\t\t\t\t<div class=\"tm-item-content\">\n\t\t\t\t\t<h4><a href=\"https:\/\/zzofbih.ba\/bs\/privremeni-trajni-prekid-u-prometu-lijekova-stanje-sa-datumom-08-01-2026\/\">Privremeni\/trajni prekid u prometu lijekova \u2013 Stanje sa datumom: 08.01.2026<\/a><\/h4>\t\t\t\n\t\t\t\t\t<div class=\"tm-blogbox-footer-meta\">\n\t\t\t\t\t\t<div class=\"tm-blogbox-date\"><i class=\"demo-icon tm-social-icon-calendar\"><\/i> 08\/01\/2026<\/div>\n\t\t\t\t\t\t<div class=\"tm-blogbox-comment\"><i class=\"demo-icon tm-social-icon-comment-1\"><\/i> <\/div>\n\t\t\t\t\t<\/div>\t\n\t\t\t\t\t<div class=\"thememount-blogbox-desc\">\n\t\t\t\t\t\tAgencija za lijekove ZABILJESKA 1 mjesec 8 2026 godine_opt1...<div class=\"thememount-post-readmore\"><a href=\"https:\/\/zzofbih.ba\/bs\/privremeni-trajni-prekid-u-prometu-lijekova-stanje-sa-datumom-08-01-2026\/\" class=\"more-link tm-post-read-more-link\">Pro\u010ditaj vi\u0161e<i class=\"tm-social-icon-angle-double-right\"><\/i><\/a><\/div>\n\t\t\t\t\t<\/div>\n\t\t\t\t<\/div>\n\t\t\t<\/div>\n\t\t<\/article>\n\t\n\t\t<article class=\"tm-post-box tm-box col-lg-6 col-sm-6 col-md-6 col-xs-12 thememount-blogbox-format-image aktuelnost-bs novosti\">\n\t\t\t<div class=\"post-item\">\n\t\t\t\t<div class=\"post-item-thumbnail\">\n\t\t\t\t\t<div class=\"post-item-thumbnail-inner\">\n\t\t\t\t\t\t<div class=\"thememount-blog-media entry-thumbnail\"><img loading=\"lazy\" decoding=\"async\" width=\"612\" height=\"344\" src=\"https:\/\/zzofbih.ba\/wp-content\/uploads\/2026\/02\/Multiple-sclerosis-2.jpg\" class=\"attachment-blog-two-column size-blog-two-column wp-post-image\" alt=\"\" srcset=\"https:\/\/zzofbih.ba\/wp-content\/uploads\/2026\/02\/Multiple-sclerosis-2.jpg 612w, https:\/\/zzofbih.ba\/wp-content\/uploads\/2026\/02\/Multiple-sclerosis-2-300x169.jpg 300w\" sizes=\"auto, (max-width: 612px) 100vw, 612px\" \/><a href=\"https:\/\/zzofbih.ba\/bs\/multipla-skleroza\/\"><span class=\"overthumb\"><i class=\"tm-social-icon-plus\"><\/i><\/span><\/a><\/div>\n\t\t\t\t\t\t<a href=\"https:\/\/zzofbih.ba\/bs\/multipla-skleroza\/\"><span class=\"overthumb\"><i class=\"tm-social-icon-plus\"><\/i><\/span><\/a>\n\t\t\t\t\t<\/div>\n\t\t\t\t\t\n\t\t\t\t<\/div>\n\t\t\t\t<div class=\"tm-item-content\">\n\t\t\t\t\t<h4><a href=\"https:\/\/zzofbih.ba\/bs\/multipla-skleroza\/\">Multipla skleroza<\/a><\/h4>\t\t\t\n\t\t\t\t\t<div class=\"tm-blogbox-footer-meta\">\n\t\t\t\t\t\t<div class=\"tm-blogbox-date\"><i class=\"demo-icon tm-social-icon-calendar\"><\/i> 25\/12\/2025<\/div>\n\t\t\t\t\t\t<div class=\"tm-blogbox-comment\"><i class=\"demo-icon tm-social-icon-comment-1\"><\/i> <\/div>\n\t\t\t\t\t<\/div>\t\n\t\t\t\t\t<div class=\"thememount-blogbox-desc\">\n\t\t\t\t\t\tZavod zdravstvenog osiguranja i reosiguranja FBiH je od svog osnivanja 2002. godine do danas na lijekove za lije\u010denje multiple skleroze utro\u0161io preko 70 mil. KM za lije\u010denje 1.200 pacijenata. U raz...<div class=\"thememount-post-readmore\"><a href=\"https:\/\/zzofbih.ba\/bs\/multipla-skleroza\/\" class=\"more-link tm-post-read-more-link\">Pro\u010ditaj vi\u0161e<i class=\"tm-social-icon-angle-double-right\"><\/i><\/a><\/div>\n\t\t\t\t\t<\/div>\n\t\t\t\t<\/div>\n\t\t\t<\/div>\n\t\t<\/article>\n\t\n\t\t<article class=\"tm-post-box tm-box col-lg-6 col-sm-6 col-md-6 col-xs-12 thememount-blogbox-format-image aktuelnost-bs novosti\">\n\t\t\t<div class=\"post-item\">\n\t\t\t\t<div class=\"post-item-thumbnail\">\n\t\t\t\t\t<div class=\"post-item-thumbnail-inner\">\n\t\t\t\t\t\t<div class=\"thememount-blog-media entry-thumbnail\"><img loading=\"lazy\" decoding=\"async\" width=\"421\" height=\"120\" src=\"https:\/\/zzofbih.ba\/wp-content\/uploads\/2026\/02\/Lijekovi6-1.jpg\" class=\"attachment-blog-two-column size-blog-two-column wp-post-image\" alt=\"\" srcset=\"https:\/\/zzofbih.ba\/wp-content\/uploads\/2026\/02\/Lijekovi6-1.jpg 421w, https:\/\/zzofbih.ba\/wp-content\/uploads\/2026\/02\/Lijekovi6-1-300x86.jpg 300w\" sizes=\"auto, (max-width: 421px) 100vw, 421px\" \/><a href=\"https:\/\/zzofbih.ba\/bs\/privremeni-trajni-prekid-u-prometu-lijekova-stanje-sa-datumom-24-12-2025\/\"><span class=\"overthumb\"><i class=\"tm-social-icon-plus\"><\/i><\/span><\/a><\/div>\n\t\t\t\t\t\t<a href=\"https:\/\/zzofbih.ba\/bs\/privremeni-trajni-prekid-u-prometu-lijekova-stanje-sa-datumom-24-12-2025\/\"><span class=\"overthumb\"><i class=\"tm-social-icon-plus\"><\/i><\/span><\/a>\n\t\t\t\t\t<\/div>\n\t\t\t\t\t\n\t\t\t\t<\/div>\n\t\t\t\t<div class=\"tm-item-content\">\n\t\t\t\t\t<h4><a href=\"https:\/\/zzofbih.ba\/bs\/privremeni-trajni-prekid-u-prometu-lijekova-stanje-sa-datumom-24-12-2025\/\">Privremeni\/trajni prekid u prometu lijekova \u2013 Stanje sa datumom: 24.12.2025 i 30.12.2025<\/a><\/h4>\t\t\t\n\t\t\t\t\t<div class=\"tm-blogbox-footer-meta\">\n\t\t\t\t\t\t<div class=\"tm-blogbox-date\"><i class=\"demo-icon tm-social-icon-calendar\"><\/i> 24\/12\/2025<\/div>\n\t\t\t\t\t\t<div class=\"tm-blogbox-comment\"><i class=\"demo-icon tm-social-icon-comment-1\"><\/i> <\/div>\n\t\t\t\t\t<\/div>\t\n\t\t\t\t\t<div class=\"thememount-blogbox-desc\">\n\t\t\t\t\t\tAgencija za lijekove ZABILJESKA 12 mjesec 24 2025 godine...<div class=\"thememount-post-readmore\"><a href=\"https:\/\/zzofbih.ba\/bs\/privremeni-trajni-prekid-u-prometu-lijekova-stanje-sa-datumom-24-12-2025\/\" class=\"more-link tm-post-read-more-link\">Pro\u010ditaj vi\u0161e<i class=\"tm-social-icon-angle-double-right\"><\/i><\/a><\/div>\n\t\t\t\t\t<\/div>\n\t\t\t\t<\/div>\n\t\t\t<\/div>\n\t\t<\/article>\n\t\n\t\t<article class=\"tm-post-box tm-box col-lg-6 col-sm-6 col-md-6 col-xs-12 thememount-blogbox-format-standard aktuelnost-bs novosti\">\n\t\t\t<div class=\"post-item\">\n\t\t\t\t<div class=\"post-item-thumbnail\">\n\t\t\t\t\t<div class=\"post-item-thumbnail-inner\">\n\t\t\t\t\t\t<div class=\"thememount-blog-media entry-thumbnail\"><img loading=\"lazy\" decoding=\"async\" width=\"280\" height=\"280\" src=\"https:\/\/zzofbih.ba\/wp-content\/uploads\/2022\/07\/loader.gif\" class=\"attachment-blog-two-column size-blog-two-column wp-post-image\" alt=\"\" \/><a href=\"https:\/\/zzofbih.ba\/bs\/priopcenje-za-medije-karcinom-dojke\/\"><span class=\"overthumb\"><i class=\"tm-social-icon-plus\"><\/i><\/span><\/a><\/div>\n\t\t\t\t\t\t<a href=\"https:\/\/zzofbih.ba\/bs\/priopcenje-za-medije-karcinom-dojke\/\"><span class=\"overthumb\"><i class=\"tm-social-icon-plus\"><\/i><\/span><\/a>\n\t\t\t\t\t<\/div>\n\t\t\t\t\t\n\t\t\t\t<\/div>\n\t\t\t\t<div class=\"tm-item-content\">\n\t\t\t\t\t<h4><a href=\"https:\/\/zzofbih.ba\/bs\/priopcenje-za-medije-karcinom-dojke\/\">PRIOP\u0106ENJE ZA MEDIJE &#8211; KARCINOM DOJKE<\/a><\/h4>\t\t\t\n\t\t\t\t\t<div class=\"tm-blogbox-footer-meta\">\n\t\t\t\t\t\t<div class=\"tm-blogbox-date\"><i class=\"demo-icon tm-social-icon-calendar\"><\/i> 23\/12\/2025<\/div>\n\t\t\t\t\t\t<div class=\"tm-blogbox-comment\"><i class=\"demo-icon tm-social-icon-comment-1\"><\/i> <\/div>\n\t\t\t\t\t<\/div>\t\n\t\t\t\t\t<div class=\"thememount-blogbox-desc\">\n\t\t\t\t\t\tPriopcenje za medije-karcinom dojke...<div class=\"thememount-post-readmore\"><a href=\"https:\/\/zzofbih.ba\/bs\/priopcenje-za-medije-karcinom-dojke\/\" class=\"more-link tm-post-read-more-link\">Pro\u010ditaj vi\u0161e<i class=\"tm-social-icon-angle-double-right\"><\/i><\/a><\/div>\n\t\t\t\t\t<\/div>\n\t\t\t\t<\/div>\n\t\t\t<\/div>\n\t\t<\/article>\n\t<\/div><div class=\"thememount-pagination\"><span aria-current=\"page\" class=\"page-numbers current\">1<\/span>\n<a class=\"page-numbers\" href=\"https:\/\/zzofbih.ba\/bs\/wp-json\/wp\/v2\/pages\/4648\/page\/2\/\">2<\/a>\n<a class=\"page-numbers\" href=\"https:\/\/zzofbih.ba\/bs\/wp-json\/wp\/v2\/pages\/4648\/page\/3\/\">3<\/a>\n<span class=\"page-numbers dots\">&hellip;<\/span>\n<a class=\"page-numbers\" href=\"https:\/\/zzofbih.ba\/bs\/wp-json\/wp\/v2\/pages\/4648\/page\/11\/\">11<\/a>\n<a class=\"next page-numbers\" href=\"https:\/\/zzofbih.ba\/bs\/wp-json\/wp\/v2\/pages\/4648\/page\/2\/\"> <i class=\"fa fa-angle-double-right\"><\/i> <\/a><\/div><\/div><\/div>[\/vc_column][\/vc_row]<\/p>\n","protected":false},"excerpt":{"rendered":"<p>[vc_row][vc_column][\/vc_column][\/vc_row]<\/p>\n","protected":false},"author":1,"featured_media":0,"parent":0,"menu_order":43,"comment_status":"closed","ping_status":"closed","template":"","meta":{"footnotes":""},"class_list":["post-4648","page","type-page","status-publish","hentry"],"_links":{"self":[{"href":"https:\/\/zzofbih.ba\/bs\/wp-json\/wp\/v2\/pages\/4648","targetHints":{"allow":["GET"]}}],"collection":[{"href":"https:\/\/zzofbih.ba\/bs\/wp-json\/wp\/v2\/pages"}],"about":[{"href":"https:\/\/zzofbih.ba\/bs\/wp-json\/wp\/v2\/types\/page"}],"author":[{"embeddable":true,"href":"https:\/\/zzofbih.ba\/bs\/wp-json\/wp\/v2\/users\/1"}],"replies":[{"embeddable":true,"href":"https:\/\/zzofbih.ba\/bs\/wp-json\/wp\/v2\/comments?post=4648"}],"version-history":[{"count":5,"href":"https:\/\/zzofbih.ba\/bs\/wp-json\/wp\/v2\/pages\/4648\/revisions"}],"predecessor-version":[{"id":4919,"href":"https:\/\/zzofbih.ba\/bs\/wp-json\/wp\/v2\/pages\/4648\/revisions\/4919"}],"wp:attachment":[{"href":"https:\/\/zzofbih.ba\/bs\/wp-json\/wp\/v2\/media?parent=4648"}],"curies":[{"name":"wp","href":"https:\/\/api.w.org\/{rel}","templated":true}]}}