{"id":4646,"date":"2022-06-14T11:31:45","date_gmt":"2022-06-14T09:31:45","guid":{"rendered":"https:\/\/zzofbih.ba\/ino-osiguranje\/"},"modified":"2026-02-05T14:04:16","modified_gmt":"2026-02-05T13:04:16","slug":"ino-osiguranje","status":"publish","type":"page","link":"https:\/\/zzofbih.ba\/bs\/ino-osiguranje\/","title":{"rendered":"INO osiguranje i lije\u010denje"},"content":{"rendered":"<p>[vc_row][vc_column]<div class=\"tm-element-heading-wrapper tm-heading-inner tm-element-align-left tm-heading-with-separator \">[vc_cta text=\"LIJE\u010cENJE U INOSTRANSTVU\"  h2_google_fonts=\"font_family:Arimo%3Aregular%2Citalic%2C700%2C700italic|font_style:700%20bold%20regular%3A700%3Anormal\"  h4_google_fonts=\"font_family:Lato%3A100%2C100italic%2C300%2C300italic%2Cregular%2Citalic%2C700%2C700italic%2C900%2C900italic|font_style:300%20light%20regular%3A300%3Anormal\"  align=\"left\"  heading_sep=\"yes\"  tag=\"h2\"  h2=\"LIJE\u010cENJE U INOSTRANSTVU\"  txt_align=\"left\"  i_css_animation=\"\" css_animation=\"\"][\/vc_cta]<div class=\"heading-seperator\"><\/div><\/div> <!-- .tm-element-heading-wrapper container --> [vc_btn title=&#8221;VIDEO &#8211; Lije\u010denje u inostranstvu&#8221; size=&#8221;lg&#8221; align=&#8221;right&#8221; i_align=&#8221;right&#8221; i_icon_fontawesome=&#8221;fas fa-caret-square-right&#8221; button_block=&#8221;true&#8221; add_icon=&#8221;true&#8221; link=&#8221;url:https%3A%2F%2Fzzofbih.ba%2Fwp-content%2Fuploads%2F2026%2F02%2FLijecenje-u-inostranstvu.mp4&#8221;][vc_column_text]Lije\u010denje osiguranih lica iz Federacije Bosne i Hercegovine u inostranstvu ostvaruje se u saglasnosti sa Pravilnikom o uslovima i postupku upu\u0107ivanja osiguranih lica na lije\u010denje u inostranstvo.[\/vc_column_text][vc_btn title=&#8221;Pravilnik o uslovima i postupku lije\u010denja osiguranih lica u inostranstvu &#8211; neslu\u017ebeni pre\u010di\u0161\u0107eni tekst&#8221; i_icon_fontawesome=&#8221;far fa-file-pdf&#8221; add_icon=&#8221;true&#8221; link=&#8221;url:https%3A%2F%2Fzzofbih.ba%2Fwp-content%2Fuploads%2F2023%2F01%2FPRAVILNIK-lijecenje-u-inostranstvu-Nesluzbeni_precisceni_tekst_2022.pdf&#8221;][vc_separator][vc_btn title=&#8221;LIJE\u010cENJE U INO 93_13&#8221; i_icon_fontawesome=&#8221;far fa-file-pdf&#8221; add_icon=&#8221;true&#8221; link=&#8221;url:https%3A%2F%2Fzzofbih.ba%2Fwp-content%2Fuploads%2F2023%2F01%2FLIJECENJE-U-INO-93-13.pdf&#8221;][vc_separator][vc_btn title=&#8221;Dopune Sl.n. br. 102_15&#8221; i_icon_fontawesome=&#8221;far fa-file-pdf&#8221; add_icon=&#8221;true&#8221; link=&#8221;url:https%3A%2F%2Fzzofbih.ba%2Fwp-content%2Fuploads%2F2023%2F01%2FPravilnik-o-dopunama-Pravilnika_broj-102_15_upucivanje.pdf&#8221;][vc_separator][vc_btn title=&#8221;Dopune Sl.n. br. 16_19&#8221; i_icon_fontawesome=&#8221;far fa-file-pdf&#8221; add_icon=&#8221;true&#8221; link=&#8221;url:https%3A%2F%2Fzzofbih.ba%2Fwp-content%2Fuploads%2F2023%2F01%2FPravilnik-o-dopunama-Pravilnika_broj-16_19.pdf&#8221;][vc_separator][vc_btn title=&#8221;Dopune Sl.n. br. 22_19&#8221; i_icon_fontawesome=&#8221;far fa-file-pdf&#8221; add_icon=&#8221;true&#8221; link=&#8221;url:https%3A%2F%2Fzzofbih.ba%2Fwp-content%2Fuploads%2F2023%2F01%2FPravilnik-o-dopunama-Pravilnika_broj-22_19.pdf&#8221;][\/vc_column][\/vc_row][vc_row css=&#8221;.vc_custom_1655731451576{padding-bottom: 0px !important;}&#8221;][vc_column]<div class=\"tm-element-heading-wrapper tm-heading-inner tm-element-align-left tm-heading-with-separator \">[vc_cta text=\"BILATERALNI SPORAZUMI O SOCIJALNOM OSIGURANJU KOJE JE BOSNA I HERCEGOVINA POTPISALA S DRUGIM DR\u017dAVAMA\"  h2_google_fonts=\"font_family:Arimo%3Aregular%2Citalic%2C700%2C700italic|font_style:700%20bold%20regular%3A700%3Anormal\"  h4_google_fonts=\"font_family:Lato%3A100%2C100italic%2C300%2C300italic%2Cregular%2Citalic%2C700%2C700italic%2C900%2C900italic|font_style:300%20light%20regular%3A300%3Anormal\"  align=\"left\"  heading_sep=\"yes\"  tag=\"h2\"  h2=\"BILATERALNI SPORAZUMI O SOCIJALNOM OSIGURANJU KOJE JE BOSNA I HERCEGOVINA POTPISALA S DRUGIM DR\u017dAVAMA\"  txt_align=\"left\"  i_css_animation=\"\" css_animation=\"\"][\/vc_cta]<div class=\"heading-seperator\"><\/div><\/div> <!-- .tm-element-heading-wrapper container --> [vc_row_inner][vc_column_inner width=&#8221;1\/2&#8221;]<div class=\"tm-element-heading-wrapper tm-heading-inner tm-element-align-left  vc_custom_1656063848252\">[vc_cta text=\"Zaklju\u010deni, potpisani i ratificirani sporazumi\"  h2_google_fonts=\"font_family:Arimo%3Aregular%2Citalic%2C700%2C700italic|font_style:700%20bold%20regular%3A700%3Anormal\"  h4_google_fonts=\"font_family:Lato%3A100%2C100italic%2C300%2C300italic%2Cregular%2Citalic%2C700%2C700italic%2C900%2C900italic|font_style:300%20light%20regular%3A300%3Anormal\"  align=\"left\"  heading_sep=\"no\"  css=\".vc_custom_1656063848252{margin-bottom: -25px !important;}\"  tag=\"h3\"  h2=\"Zaklju\u010deni, potpisani i ratificirani sporazumi\"  txt_align=\"left\"  i_css_animation=\"\" css_animation=\"\"][\/vc_cta]<\/div> <!-- .tm-element-heading-wrapper container --> <style>.vc_custom_1656063848252{margin-bottom: -25px !important;}<\/style>[vc_column_text]<\/p>\n<ol>\n<li>Republike Austrija<\/li>\n<li>Republika Hrvatska,<\/li>\n<li>SR Jugoslavija<\/li>\n<li>Republika Turska<\/li>\n<li>Republika Makedonija<\/li>\n<li>Republika Slovenija<\/li>\n<li>Kraljevina Belgija<\/li>\n<li>Republika Ma\u0111arska<\/li>\n<li>Veliko Vojvodstvo Luksemburg<\/li>\n<li>\u0160vajcarska Konfederacija<\/li>\n<li>\u010ce\u0161ka<\/li>\n<\/ol>\n<p>[\/vc_column_text][\/vc_column_inner][vc_column_inner width=&#8221;1\/2&#8221;]<div class=\"tm-element-heading-wrapper tm-heading-inner tm-element-align-left  vc_custom_1656063854586\">[vc_cta text=\"Sporazum o sukcesiji (zaklju\u010deno s biv\u0161om SFRJ)\"  h2_google_fonts=\"font_family:Arimo%3Aregular%2Citalic%2C700%2C700italic|font_style:700%20bold%20regular%3A700%3Anormal\"  h4_google_fonts=\"font_family:Lato%3A100%2C100italic%2C300%2C300italic%2Cregular%2Citalic%2C700%2C700italic%2C900%2C900italic|font_style:300%20light%20regular%3A300%3Anormal\"  align=\"left\"  heading_sep=\"no\"  css=\".vc_custom_1656063854586{margin-bottom: -25px !important;}\"  tag=\"h3\"  h2=\"Sporazum o sukcesiji (zaklju\u010deno s biv\u0161om SFRJ)\"  txt_align=\"left\"  i_css_animation=\"\" css_animation=\"\"][\/vc_cta]<\/div> <!-- .tm-element-heading-wrapper container --> <style>.vc_custom_1656063854586{margin-bottom: -25px !important;}<\/style>[vc_column_text]<\/p>\n<ol>\n<li style=\"list-style-type: none;\">\n<ol>\n<li>Narodna Republika Bugarska<\/li>\n<li>\u010cehoslova\u010dka Republika (\u010ce\u0161ka i Slova\u010dka)<\/li>\n<li>Kraljevina Danska<\/li>\n<li>Republika Francuska<\/li>\n<li>Republika Italija<\/li>\n<li>Kraljevina Holandija<\/li>\n<li>Kraljevina Norve\u0161ka<\/li>\n<li>Narodna Republika Poljska<\/li>\n<li>Savezna Republika Njema\u010dka<\/li>\n<li>Kraljevina \u0160vedska<\/li>\n<li>\u0160vajcarska Konfederacija<\/li>\n<li>Ujedinjeno Kraljevstvo Velike Britanije i Sjeverna Irska<\/li>\n<\/ol>\n<\/li>\n<\/ol>\n<p>[\/vc_column_text][\/vc_column_inner][\/vc_row_inner][vc_separator border_width=&#8221;2&#8221;][vc_row_inner][vc_column_inner width=&#8221;1\/2&#8221;]<div class=\"tm-element-heading-wrapper tm-heading-inner tm-element-align-left  vc_custom_1656063836010\">[vc_cta text=\"Parafirani sporazumi\"  h2_google_fonts=\"font_family:Arimo%3Aregular%2Citalic%2C700%2C700italic|font_style:700%20bold%20regular%3A700%3Anormal\"  h4_google_fonts=\"font_family:Lato%3A100%2C100italic%2C300%2C300italic%2Cregular%2Citalic%2C700%2C700italic%2C900%2C900italic|font_style:300%20light%20regular%3A300%3Anormal\"  align=\"left\"  heading_sep=\"no\"  css=\".vc_custom_1656063836010{margin-bottom: -25px !important;}\"  tag=\"h3\"  h2=\"Parafirani sporazumi\"  txt_align=\"left\"  i_css_animation=\"\" css_animation=\"\"][\/vc_cta]<\/div> <!-- .tm-element-heading-wrapper container --> <style>.vc_custom_1656063836010{margin-bottom: -25px !important;}<\/style>[vc_column_text]<\/p>\n<ol>\n<li>Holandija<\/li>\n<\/ol>\n<p>[\/vc_column_text][\/vc_column_inner][vc_column_inner width=&#8221;1\/2&#8221;]<div class=\"tm-element-heading-wrapper tm-heading-inner tm-element-align-left  vc_custom_1656063840800\">[vc_cta text=\"Zaklju\u010divanje sporazuma u proceduri\"  h2_google_fonts=\"font_family:Arimo%3Aregular%2Citalic%2C700%2C700italic|font_style:700%20bold%20regular%3A700%3Anormal\"  h4_google_fonts=\"font_family:Lato%3A100%2C100italic%2C300%2C300italic%2Cregular%2Citalic%2C700%2C700italic%2C900%2C900italic|font_style:300%20light%20regular%3A300%3Anormal\"  align=\"left\"  heading_sep=\"no\"  css=\".vc_custom_1656063840800{margin-bottom: -25px !important;}\"  tag=\"h3\"  h2=\"Zaklju\u010divanje sporazuma u proceduri\"  txt_align=\"left\"  i_css_animation=\"\" css_animation=\"\"][\/vc_cta]<\/div> <!-- .tm-element-heading-wrapper container --> <style>.vc_custom_1656063840800{margin-bottom: -25px !important;}<\/style>[vc_column_text]<\/p>\n<ol>\n<li>Crna Gora<\/li>\n<li>SR Njema\u010dka<\/li>\n<li>Kanada<\/li>\n<li>Australija<\/li>\n<\/ol>\n<p>[\/vc_column_text][\/vc_column_inner][\/vc_row_inner][vc_separator border_width=&#8221;2&#8221;][\/vc_column][\/vc_row][vc_row css=&#8221;.vc_custom_1656063375690{padding-top: 0px !important;padding-bottom: 0px !important;}&#8221;][vc_column]<div class=\"tm-element-heading-wrapper tm-heading-inner tm-element-align-left  vc_custom_1656063830087\">[vc_cta text=\"Me\u0111unarodni ugovori i provedbeni akti o socijalnom osiguranju \u2013 Primjer R Hrvatska\"  h2_google_fonts=\"font_family:Arimo%3Aregular%2Citalic%2C700%2C700italic|font_style:700%20bold%20regular%3A700%3Anormal\"  h4_google_fonts=\"font_family:Lato%3A100%2C100italic%2C300%2C300italic%2Cregular%2Citalic%2C700%2C700italic%2C900%2C900italic|font_style:300%20light%20regular%3A300%3Anormal\"  align=\"left\"  heading_sep=\"no\"  css=\".vc_custom_1656063830087{margin-bottom: -25px !important;}\"  tag=\"h3\"  h2=\"Me\u0111unarodni ugovori i provedbeni akti o socijalnom osiguranju \u2013 Primjer R Hrvatska\"  txt_align=\"left\"  i_css_animation=\"\" css_animation=\"\"][\/vc_cta]<\/div> <!-- .tm-element-heading-wrapper container --> <style>.vc_custom_1656063830087{margin-bottom: -25px !important;}<\/style>[vc_column_text]<\/p>\n<div class=\"col-2\"><div class=\"bsk-pdfm-output-container shortcode-category layout-ul\"><div class=\"bsk-pdfm-category-output cat-12 category-hierarchical-depth-1 pdfs-in-ul\" data-cat-id=\"12\"><ul class=\"bsk-pdfm-pdfs-ul-list bsk-pdfm-without-featured-image bsk-pdfm-without-description bsk-pdfm-with-title\">\n<li class=\"bsk-pdfm-list-item list-item-odd\" data-date=\"2022-06-24-pet\" data-id=\"78\">\n<a href=\"https:\/\/zzofbih.ba\/wp-content\/uploads\/bsk-pdf-manager\/2022\/06\/Obrasci-Hrv-BiH.zip\"  title=\"Obrasci HRV BIH\" class=\"bsk-pdfm-pdf-link-for-title pdf-id-78\"><span class=\"bsk-pdfm-pdf-title-string\">Obrasci HRV BIH<\/span><\/a><\/li>\n<li class=\"bsk-pdfm-list-item list-item-even\" data-date=\"2022-06-24-pet\" data-id=\"79\">\n<a href=\"https:\/\/zzofbih.ba\/wp-content\/uploads\/bsk-pdf-manager\/2022\/06\/Obrasci_BIH-HR.zip\"  title=\"Obrasci BIH HRV\" class=\"bsk-pdfm-pdf-link-for-title pdf-id-79\"><span class=\"bsk-pdfm-pdf-title-string\">Obrasci BIH HRV<\/span><\/a><\/li>\n<li class=\"bsk-pdfm-list-item list-item-odd\" data-date=\"2022-06-24-pet\" data-id=\"80\">\n<a href=\"https:\/\/zzofbih.ba\/wp-content\/uploads\/bsk-pdf-manager\/2022\/06\/Administ_sporazum_o_provedbi_ugovora_BiH_Hrvatska.pdf\"  title=\"Administrativni sporazum o provedbi ugovora BiH Hrvatska\" class=\"bsk-pdfm-pdf-link-for-title pdf-id-80\"><span class=\"bsk-pdfm-pdf-title-string\">Administrativni sporazum o provedbi ugovora BiH Hrvatska<\/span><\/a><\/li>\n<li class=\"bsk-pdfm-list-item list-item-even\" data-date=\"2022-06-24-pet\" data-id=\"81\">\n<a href=\"https:\/\/zzofbih.ba\/wp-content\/uploads\/bsk-pdf-manager\/2022\/06\/Dopuna_Uputstva_za_primjenu_ugovora_o_soc_osig.pdf\"  title=\"Dopuna Uputstva za primjenu ugovora o socijalnom osiguranju\" class=\"bsk-pdfm-pdf-link-for-title pdf-id-81\"><span class=\"bsk-pdfm-pdf-title-string\">Dopuna Uputstva za primjenu ugovora o socijalnom osiguranju<\/span><\/a><\/li>\n<li class=\"bsk-pdfm-list-item list-item-odd\" data-date=\"2022-06-24-pet\" data-id=\"84\">\n<a href=\"https:\/\/zzofbih.ba\/wp-content\/uploads\/bsk-pdf-manager\/2022\/06\/Uputstvo_za_primjenu_ugovora_o_soc_osig.pdf\"  title=\"Uputstvo za primjenu ugovora o socijalnom osiguranju\" class=\"bsk-pdfm-pdf-link-for-title pdf-id-84\"><span class=\"bsk-pdfm-pdf-title-string\">Uputstvo za primjenu ugovora o socijalnom osiguranju<\/span><\/a><\/li>\n<li class=\"bsk-pdfm-list-item list-item-even\" data-date=\"2022-06-24-pet\" data-id=\"85\">\n<a href=\"https:\/\/zzofbih.ba\/wp-content\/uploads\/bsk-pdf-manager\/2022\/06\/Ugovor_BiH_Hrvatska.pdf\"  title=\"Ugovor BiH Hrvatska\" class=\"bsk-pdfm-pdf-link-for-title pdf-id-85\"><span class=\"bsk-pdfm-pdf-title-string\">Ugovor BiH Hrvatska<\/span><\/a><\/li>\n<\/ul><!--\/\/bsk-pdfm-category-output cat-12--><\/div><div class=\"bsk-pdfm-category-shortcode-attr\"><input type=\"hidden\" class=\"bsk-pdfm-shortcode-attr\" data-attr_name=\"ul_or_ol\" value=\"ul\" \/><input type=\"hidden\" class=\"bsk-pdfm-shortcode-attr\" data-attr_name=\"id\" value=\"12\" \/><input type=\"hidden\" class=\"bsk-pdfm-shortcode-attr\" data-attr_name=\"cat_order_by\" value=\" C.`title`\" \/><input type=\"hidden\" class=\"bsk-pdfm-shortcode-attr\" data-attr_name=\"cat_order\" value=\" ASC\" \/><input type=\"hidden\" class=\"bsk-pdfm-shortcode-attr\" data-attr_name=\"show_cat_title\" value=\"\" \/><input type=\"hidden\" class=\"bsk-pdfm-shortcode-attr\" data-attr_name=\"order_by\" value=\"date\" \/><input type=\"hidden\" class=\"bsk-pdfm-shortcode-attr\" data-attr_name=\"order\" value=\"DESC\" \/><input type=\"hidden\" class=\"bsk-pdfm-shortcode-attr\" data-attr_name=\"target\" value=\"\" \/><input type=\"hidden\" class=\"bsk-pdfm-shortcode-attr\" data-attr_name=\"most_top\" value=\"0\" \/><input type=\"hidden\" class=\"bsk-pdfm-shortcode-attr\" data-attr_name=\"nofollow_tag\" value=\"no\" \/><input type=\"hidden\" class=\"bsk-pdfm-shortcode-attr\" data-attr_name=\"noopener_tag\" value=\"no\" \/><input type=\"hidden\" class=\"bsk-pdfm-shortcode-attr\" data-attr_name=\"noreferrer_tag\" value=\"no\" \/><input type=\"hidden\" class=\"bsk-pdfm-shortcode-attr\" data-attr_name=\"show_date\" value=\"no\" \/><input type=\"hidden\" class=\"bsk-pdfm-shortcode-attr\" data-attr_name=\"date_before_title\" value=\"no\" \/><input type=\"hidden\" class=\"bsk-pdfm-shortcode-attr\" data-attr_name=\"date_format\" value=\" d\/m\/Y\" \/><input type=\"hidden\" class=\"bsk-pdfm-shortcode-attr\" data-attr_name=\"show_count_desc\" value=\"no\" \/><input type=\"hidden\" class=\"bsk-pdfm-shortcode-attr\" data-attr_name=\"extension_filter\" value=\"no\" \/><input type=\"hidden\" class=\"bsk-pdfm-shortcode-attr\" data-attr_name=\"tags\" value=\"no\" \/><input type=\"hidden\" class=\"bsk-pdfm-shortcode-attr\" data-attr_name=\"tags_specific\" value=\"\" \/><input type=\"hidden\" class=\"bsk-pdfm-shortcode-attr\" data-attr_name=\"tags_default\" value=\"\" \/><input type=\"hidden\" class=\"bsk-pdfm-shortcode-attr\" data-attr_name=\"tags_exclude\" value=\"\" \/><input type=\"hidden\" class=\"bsk-pdfm-shortcode-attr\" data-attr_name=\"tags_align_right\" value=\"no\" \/><input type=\"hidden\" class=\"bsk-pdfm-shortcode-attr\" data-attr_name=\"output_container_class\" value=\"\" \/><input type=\"hidden\" class=\"bsk-pdfm-shortcode-attr\" data-attr_name=\"cat_id\" value=\"12\" \/><input type=\"hidden\" class=\"bsk-pdfm-shortcode-attr\" data-attr_name=\"valid_cat_ids\" value=\"12\" \/><input type=\"hidden\" class=\"bsk-pdfm-category-ajax-nonce\" value=\"8136cd7c95\"><\/div><\/div><!-- \/\/bsk-pdfm-output-container --><\/div>\n<p>[\/vc_column_text][\/vc_column][\/vc_row][vc_row css=&#8221;.vc_custom_1655731477593{padding-top: 50px !important;}&#8221;][vc_column][vc_cta h2=&#8221;OBAVIJEST ZA POSLODAVCE&#8221; h2_font_container=&#8221;tag:h2|text_align:left|color:%23ffffff&#8221; h2_use_theme_fonts=&#8221;yes&#8221; style=&#8221;flat&#8221; color=&#8221;skincolor&#8221; add_button=&#8221;right&#8221; btn_title=&#8221;PREUZMI DOKUMENT&#8221; btn_style=&#8221;classic&#8221; btn_size=&#8221;sm&#8221; btn_align=&#8221;right&#8221; btn_button_block=&#8221;&#8221; use_custom_fonts_h2=&#8221;true&#8221; btn_link=&#8221;url:https%3A%2F%2Fzzofbih.ba%2Fwp-content%2Fuploads%2F2022%2F12%2FOBAVIJEST-ZA-POSLODAVCE-2022docxINO-UNIONbanka.pdf&#8221; css=&#8221;.vc_custom_1670230514545{padding-bottom: 20px !important;}&#8221; btn_el_class=&#8221;wplightbox&#8221;][\/vc_cta][\/vc_column][\/vc_row]<\/p>\n","protected":false},"excerpt":{"rendered":"<p>[vc_row][vc_column][vc_btn title=&#8221;VIDEO &#8211; Lije\u010denje u inostranstvu&#8221; size=&#8221;lg&#8221; align=&#8221;right&#8221; i_align=&#8221;right&#8221; i_icon_fontawesome=&#8221;fas fa-caret-square-right&#8221; button_block=&#8221;true&#8221; add_icon=&#8221;true&#8221; link=&#8221;url:https%3A%2F%2Fzzofbih.ba%2Fwp-content%2Fuploads%2F2026%2F02%2FLijecenje-u-inostranstvu.mp4&#8221;][vc_column_text]Lije\u010denje osiguranih lica iz Federacije Bosne i Hercegovine u inostranstvu ostvaruje se u saglasnosti sa Pravilnikom o uslovima i postupku upu\u0107ivanja osiguranih lica na lije\u010denje u inostranstvo.[\/vc_column_text][vc_btn title=&#8221;Pravilnik o uslovima i postupku lije\u010denja osiguranih lica u inostranstvu &#8211; neslu\u017ebeni pre\u010di\u0161\u0107eni tekst&#8221; i_icon_fontawesome=&#8221;far [&hellip;]<\/p>\n","protected":false},"author":1,"featured_media":0,"parent":0,"menu_order":20,"comment_status":"closed","ping_status":"closed","template":"","meta":{"footnotes":""},"class_list":["post-4646","page","type-page","status-publish","hentry"],"_links":{"self":[{"href":"https:\/\/zzofbih.ba\/bs\/wp-json\/wp\/v2\/pages\/4646","targetHints":{"allow":["GET"]}}],"collection":[{"href":"https:\/\/zzofbih.ba\/bs\/wp-json\/wp\/v2\/pages"}],"about":[{"href":"https:\/\/zzofbih.ba\/bs\/wp-json\/wp\/v2\/types\/page"}],"author":[{"embeddable":true,"href":"https:\/\/zzofbih.ba\/bs\/wp-json\/wp\/v2\/users\/1"}],"replies":[{"embeddable":true,"href":"https:\/\/zzofbih.ba\/bs\/wp-json\/wp\/v2\/comments?post=4646"}],"version-history":[{"count":16,"href":"https:\/\/zzofbih.ba\/bs\/wp-json\/wp\/v2\/pages\/4646\/revisions"}],"predecessor-version":[{"id":7164,"href":"https:\/\/zzofbih.ba\/bs\/wp-json\/wp\/v2\/pages\/4646\/revisions\/7164"}],"wp:attachment":[{"href":"https:\/\/zzofbih.ba\/bs\/wp-json\/wp\/v2\/media?parent=4646"}],"curies":[{"name":"wp","href":"https:\/\/api.w.org\/{rel}","templated":true}]}}