{"id":4641,"date":"2022-06-14T11:56:09","date_gmt":"2022-06-14T09:56:09","guid":{"rendered":"https:\/\/zzofbih.ba\/informacijski-sustav\/"},"modified":"2022-07-29T08:55:58","modified_gmt":"2022-07-29T06:55:58","slug":"informacioni-sistem","status":"publish","type":"page","link":"https:\/\/zzofbih.ba\/bs\/informacioni-sistem\/","title":{"rendered":"Informacioni sistem"},"content":{"rendered":"<p>[vc_row full_width=&#8221;stretch_row_content_no_spaces&#8221; css=&#8221;.vc_custom_1655880539207{padding-top: 200px !important;padding-bottom: 200px !important;background-image: url(https:\/\/zzofbih.ba\/wp-content\/uploads\/2022\/06\/server.jpg?id=4220) !important;background-position: center !important;background-repeat: no-repeat !important;background-size: cover !important;}&#8221;][vc_column]<div id=\"ultimate-heading-62069e495200094f\" class=\"uvc-heading ult-adjust-bottom-margin ultimate-heading-62069e495200094f uvc-5396 \" data-hspacer=\"no_spacer\"  data-halign=\"center\" style=\"text-align:center\"><div class=\"uvc-heading-spacer no_spacer\" style=\"top\"><\/div><div class=\"uvc-main-heading ult-responsive\"  data-ultimate-target='.uvc-heading.ultimate-heading-62069e495200094f h1'  data-responsive-json-new='{\"font-size\":\"desktop:48px;tablet:44px;tablet_portrait:36px;mobile_landscape:32px;mobile:28px;\",\"line-height\":\"\"}' ><h1 style=\"font-weight:bold;color:#ffffff;\">INFORMACIONI SISTEM (HCFIS)<\/h1><\/div><\/div>[\/vc_column][\/vc_row][vc_row full_width=&#8221;stretch_row&#8221; css=&#8221;.vc_custom_1655880330418{padding-top: 50px !important;padding-bottom: 45px !important;}&#8221;][vc_column]<div class=\" ubtn-ctn-left hcfis-btn\"><a class=\"ubtn-link ult-adjust-bottom-margin ubtn-left ubtn-normal hcfis-btn\" href=\"\/bs\/za-administratore\/\" ><button type=\"button\" id=\"ubtn-5209\"  class=\"ubtn ult-adjust-bottom-margin ult-responsive ubtn-normal ubtn-center-hz-bg  ulta-grow  ubtn-left   tooltip-69e49520009df\"  data-hover=\"#ffffff\" data-border-color=\"\" data-bg=\"\" data-hover-bg=\"#004289\" data-border-hover=\"#004289\" data-shadow-hover=\"\" data-shadow-click=\"none\" data-shadow=\"\" data-shd-shadow=\"\"  data-ultimate-target='#ubtn-5209'  data-responsive-json-new='{\"font-size\":\"desktop:18px;\",\"line-height\":\"\"}'  style=\"font-weight:normal;border-radius:3px;border-width:2px;border-color:;border-style:solid;color: #004289;\"><span class=\"ubtn-data ubtn-icon\"><i class=\"none\" style=\"font-size:20px;color:;\"><\/i><\/span><span class=\"ubtn-hover\" style=\"background-color:#004289\"><\/span><span class=\"ubtn-data ubtn-text \" >Otvori stranicu za administratore HCFIS informacionog sistema<\/span><\/button><\/a><\/div>[vc_column_text]Cilj ovog linka je da zavodima zdravstvenog osiguranja, ministarstvima zdravstva i zavodima za javno zdravstvo u Federaciji Bosne i Hercegovine omogu\u0107i na jednom mjestu dobijanje informacija i pronala\u017eenje zajedni\u010dkih dokumenata koji se ti\u010du informacionog sistema zvanog &#8220;HCFIS&#8221; (Health Care Finance Information System).<\/p>\n<p>Rje\u010d je o informacionom sistemu \u010diji je razvoj omogu\u0107en kreditom Svjetske banke u okviru projekta &#8220;Osnovne bolni\u010dke slu\u017ebe&#8221;. Razvijen je u firmi &#8220;<strong>ALEM Sistem&#8221;-Sarajevo i do 2002. godine<\/strong> instaliran u:<\/p>\n<p>&#8211; Op\u0107inskim i kantonalnim zavodima zdravstvenog osiguranja<\/p>\n<p>&#8211; Federalnom Zavodu zdravstvenog osiguranja<\/p>\n<p>&#8211; Kantonalnim i Federalnom ministarstvu zdravstva<\/p>\n<p>&#8211; Kantonalnim i Federalnom zavodu za javno zdravstvo<\/p>\n<p>Glavni razlozi za razvoj novog inf. sistema su nedostaci zate\u010denih informacionih sistema koji se ogledaju u obradi podataka kori\u0161tenjem razli\u010ditih alata u razli\u010ditim dijelovima Federacije BiH, nekonzistentnosti nomenklatura\/\u0161ifrarnika, slaboj ili nikakvoj razmjeni podataka, neujedna\u010denim i nedovoljnim izvje\u0161tajima, razli\u010ditom obimu obrade podataka na razli\u010ditim nivoima unutar sistema, i tako dalje.<\/p>\n<p><strong>Informacioni sistem se sastoji od nekoliko logi\u010dkih cjelina(modula):<\/strong><\/p>\n<p>&#8211; Modul za evidencije<\/p>\n<p>&#8211; Modul za prenos podataka izme\u0111u organizacionih jedinica<\/p>\n<p>&#8211; Modul za izvje\u0161tavanje<\/p>\n<p>&#8211; Modul za kontrolu prava pristupa<\/p>\n<p>&#8211; Modul za generisanje indikatora<\/p>\n<p>&#8211; Modul za automatski import podataka o uplatama doprinosa<\/p>\n<p>&#8211; Modul za konverziju podataka iz postoje\u0107ih inf. sistema<\/p>\n<p>&#8211; Modul za backup i Restore podataka<\/p>\n<p>&nbsp;<\/p>\n<p><strong>Modul za evidencije vr\u0161i obradu slijede\u0107ih podataka:<\/strong>[\/vc_column_text][vc_row_inner][vc_column_inner width=&#8221;1\/3&#8221;][vc_column_text]<strong>Evidencija prihoda:<\/strong><\/p>\n<ul>\n<li>doprinos za zdravstveno osiguranje<\/li>\n<li>donacije<\/li>\n<li>uplate iz bud\u017eeta<\/li>\n<li>gotovinske i druge uplate<\/li>\n<li>uplate iz inostranstva<\/li>\n<\/ul>\n<p>[\/vc_column_text][\/vc_column_inner][vc_column_inner width=&#8221;1\/3&#8221;][vc_column_text]<strong>Evidencija rashoda:<\/strong><\/p>\n<ul>\n<li>tro\u0161kovi lije\u010denja unutar jednog kantona\/\u017eupanije,<\/li>\n<li>tro\u0161kovi lijekova unutar kantona\/\u017eupanije,<\/li>\n<li>tro\u0161kovi lije\u010denja u zdravstvenim institucijama koje pripadaju drugim \u017eupanijama\/kantonima,<\/li>\n<li>tro\u0161kovi lije\u010denja u inozemstvu,<\/li>\n<li>tro\u0161kovi vezani za ortopedska pomagala,<\/li>\n<li>refundacije osobnog dohotka (naknada za bolovanje),<\/li>\n<li>isplata putnih tro\u0161kova,<\/li>\n<li>isplata pogrebnih tro\u0161kova<\/li>\n<\/ul>\n<p>[\/vc_column_text][\/vc_column_inner][vc_column_inner width=&#8221;1\/3&#8221;][vc_column_text]<strong>Evidencija podataka baznih registara, nomenklatura i indikatora:<\/strong><\/p>\n<ul>\n<li>Evidencija obveznika<\/li>\n<li>Evidencija osiguranika<\/li>\n<li>Evidencija zdravstvenih ustanova<\/li>\n<li>Evidencija komitenata (poslovnih suradnika)<\/li>\n<li>Evidencija ljekara i ljekarskih timova<\/li>\n<li>Standardni (jedinstveni) ssistem nomenklatura\/\u0161ifrarnika<\/li>\n<li>Indikatori<\/li>\n<\/ul>\n<p>[\/vc_column_text][\/vc_column_inner][\/vc_row_inner][vc_column_text]Sistem je baziran na slijede\u0107im \u0161ifarnicima: dr\u017eave, kantoni\/\u017eupanije, op\u0107ine,\u00a0 ZIP naseljena mjesta, djelatnosti, zanimanja, bodovi, zdravstvene usluge, lijekovi,oblici lijeka, na\u010dini primjene lijeka, esencijalnost izdavanja lijeka, dijagnoze-bolesti, grupe bolesti, ortopedska pomagala, uzroci nesposobnosti za rad, vrste komisija, odjeljenja zdravst. Institucije, banke, valute, srodstva, osnovi osiguranja, statusi osiguranika, vrste obveznika, vrste zdravstvenih ustanova, vrste potvrda-odobrenja, vrste tro\u0161kova, bud\u017e. organizacije,vrste prihoda.[\/vc_column_text][\/vc_column][\/vc_row]<\/p>\n","protected":false},"excerpt":{"rendered":"<p>[vc_row full_width=&#8221;stretch_row_content_no_spaces&#8221; css=&#8221;.vc_custom_1655880539207{padding-top: 200px !important;padding-bottom: 200px !important;background-image: url(https:\/\/zzofbih.ba\/wp-content\/uploads\/2022\/06\/server.jpg?id=4220) !important;background-position: center !important;background-repeat: no-repeat !important;background-size: cover !important;}&#8221;][vc_column][\/vc_column][\/vc_row][vc_row full_width=&#8221;stretch_row&#8221; css=&#8221;.vc_custom_1655880330418{padding-top: 50px !important;padding-bottom: 45px !important;}&#8221;][vc_column][vc_column_text]Cilj ovog linka je da zavodima zdravstvenog osiguranja, ministarstvima zdravstva i zavodima za javno zdravstvo u Federaciji Bosne i Hercegovine omogu\u0107i na jednom mjestu dobijanje informacija i pronala\u017eenje zajedni\u010dkih dokumenata koji se ti\u010du informacionog sistema [&hellip;]<\/p>\n","protected":false},"author":1,"featured_media":0,"parent":0,"menu_order":34,"comment_status":"closed","ping_status":"closed","template":"","meta":{"footnotes":""},"class_list":["post-4641","page","type-page","status-publish","hentry"],"_links":{"self":[{"href":"https:\/\/zzofbih.ba\/bs\/wp-json\/wp\/v2\/pages\/4641","targetHints":{"allow":["GET"]}}],"collection":[{"href":"https:\/\/zzofbih.ba\/bs\/wp-json\/wp\/v2\/pages"}],"about":[{"href":"https:\/\/zzofbih.ba\/bs\/wp-json\/wp\/v2\/types\/page"}],"author":[{"embeddable":true,"href":"https:\/\/zzofbih.ba\/bs\/wp-json\/wp\/v2\/users\/1"}],"replies":[{"embeddable":true,"href":"https:\/\/zzofbih.ba\/bs\/wp-json\/wp\/v2\/comments?post=4641"}],"version-history":[{"count":8,"href":"https:\/\/zzofbih.ba\/bs\/wp-json\/wp\/v2\/pages\/4641\/revisions"}],"predecessor-version":[{"id":4969,"href":"https:\/\/zzofbih.ba\/bs\/wp-json\/wp\/v2\/pages\/4641\/revisions\/4969"}],"wp:attachment":[{"href":"https:\/\/zzofbih.ba\/bs\/wp-json\/wp\/v2\/media?parent=4641"}],"curies":[{"name":"wp","href":"https:\/\/api.w.org\/{rel}","templated":true}]}}