{"id":4634,"date":"2022-06-14T12:03:07","date_gmt":"2022-06-14T10:03:07","guid":{"rendered":"https:\/\/zzofbih.ba\/donacije\/"},"modified":"2022-06-14T12:03:07","modified_gmt":"2022-06-14T10:03:07","slug":"donacije","status":"publish","type":"page","link":"https:\/\/zzofbih.ba\/bs\/donacije\/","title":{"rendered":"Donacije"},"content":{"rendered":"<p>[vc_row css=&#8221;.vc_custom_1467365251599{padding-top: 0px !important;}&#8221;][vc_column][vc_empty_space height=&#8221;80px&#8221;]<div class=\"tm-element-heading-wrapper tm-heading-inner tm-element-align-left tm-heading-with-separator \">[vc_cta text=\"ZAHVALA DONATORIMA ZAVODA\"  h2_google_fonts=\"font_family:Arimo%3Aregular%2Citalic%2C700%2C700italic|font_style:700%20bold%20regular%3A700%3Anormal\"  h4_google_fonts=\"font_family:Lato%3A100%2C100italic%2C300%2C300italic%2Cregular%2Citalic%2C700%2C700italic%2C900%2C900italic|font_style:300%20light%20regular%3A300%3Anormal\"  align=\"left\"  heading_sep=\"yes\"  tag=\"h2\"  h2=\"ZAHVALA DONATORIMA ZAVODA\"  txt_align=\"left\"  i_css_animation=\"\" css_animation=\"\"][\/vc_cta]<div class=\"heading-seperator\"><\/div><\/div> <!-- .tm-element-heading-wrapper container --> [vc_column_text]Zahvaljujemo se svim proizvo\u0111a\u010dima lijekova i medicinske opreme, dobavlja\u010dima i veledrogerijama koji su u ovo te\u0161ko vrijeme pandemije korona virusa (COVID 19) \u00a0pokazali svoju dru\u0161tvenu odgovornost te donacijama pomogli na\u0161e pacijente.[\/vc_column_text][vc_row_inner][vc_column_inner width=&#8221;1\/3&#8221;][vc_column_text]<\/p>\n<ol class=\"donatori\">\n<li><em><strong>Medimpex<\/strong><\/em><\/li>\n<li><em><strong>Roche<\/strong><\/em><\/li>\n<li><em><strong>Pliva\u00a0<\/strong><\/em><\/li>\n<li><em><strong>MGM<\/strong><strong> Farm<\/strong><\/em><\/li>\n<li><em><strong>Zefarm<\/strong><\/em> doo Zenica<\/li>\n<li><em><strong>Mipex<\/strong><\/em> d.o.o.\u00a0 Banja Luka<\/li>\n<li><em><strong>PHOENIX<\/strong><strong>\u00a0Pharma<\/strong><\/em> d.o.o.. Bijeljina<\/li>\n<\/ol>\n<p>[\/vc_column_text][\/vc_column_inner][vc_column_inner width=&#8221;2\/3&#8221;][vc_single_image image=&#8221;4142&#8221; img_size=&#8221;full&#8221; alignment=&#8221;center&#8221;][\/vc_column_inner][\/vc_row_inner][\/vc_column][\/vc_row]<\/p>\n","protected":false},"excerpt":{"rendered":"<p>[vc_row css=&#8221;.vc_custom_1467365251599{padding-top: 0px !important;}&#8221;][vc_column][vc_empty_space height=&#8221;80px&#8221;][vc_column_text]Zahvaljujemo se svim proizvo\u0111a\u010dima lijekova i medicinske opreme, dobavlja\u010dima i veledrogerijama koji su u ovo te\u0161ko vrijeme pandemije korona virusa (COVID 19) \u00a0pokazali svoju dru\u0161tvenu odgovornost te donacijama pomogli na\u0161e pacijente.[\/vc_column_text][vc_row_inner][vc_column_inner width=&#8221;1\/3&#8221;][vc_column_text] Medimpex Roche Pliva\u00a0 MGM Farm Zefarm doo Zenica Mipex d.o.o.\u00a0 Banja Luka PHOENIX\u00a0Pharma d.o.o.. Bijeljina [\/vc_column_text][\/vc_column_inner][vc_column_inner width=&#8221;2\/3&#8221;][vc_single_image image=&#8221;4142&#8221; img_size=&#8221;full&#8221; [&hellip;]<\/p>\n","protected":false},"author":1,"featured_media":0,"parent":0,"menu_order":28,"comment_status":"closed","ping_status":"closed","template":"","meta":{"footnotes":""},"class_list":["post-4634","page","type-page","status-publish","hentry"],"_links":{"self":[{"href":"https:\/\/zzofbih.ba\/bs\/wp-json\/wp\/v2\/pages\/4634","targetHints":{"allow":["GET"]}}],"collection":[{"href":"https:\/\/zzofbih.ba\/bs\/wp-json\/wp\/v2\/pages"}],"about":[{"href":"https:\/\/zzofbih.ba\/bs\/wp-json\/wp\/v2\/types\/page"}],"author":[{"embeddable":true,"href":"https:\/\/zzofbih.ba\/bs\/wp-json\/wp\/v2\/users\/1"}],"replies":[{"embeddable":true,"href":"https:\/\/zzofbih.ba\/bs\/wp-json\/wp\/v2\/comments?post=4634"}],"version-history":[{"count":0,"href":"https:\/\/zzofbih.ba\/bs\/wp-json\/wp\/v2\/pages\/4634\/revisions"}],"wp:attachment":[{"href":"https:\/\/zzofbih.ba\/bs\/wp-json\/wp\/v2\/media?parent=4634"}],"curies":[{"name":"wp","href":"https:\/\/api.w.org\/{rel}","templated":true}]}}